{"id":89060,"date":"2025-11-12T07:01:16","date_gmt":"2025-11-12T06:01:16","guid":{"rendered":"https:\/\/www.ernstbrunn-apotheke.at\/katalog\/produkt\/ren-aha-smart-renewal-body-serum-200-ml\/"},"modified":"2025-12-08T20:15:02","modified_gmt":"2025-12-08T19:15:02","slug":"ren-aha-smart-renewal-body-serum-200-ml","status":"publish","type":"product","link":"https:\/\/www.ernstbrunn-apotheke.at\/katalog\/produkt\/ren-aha-smart-renewal-body-serum-200-ml\/","title":{"rendered":"Ren AHA Smart Renewal Body Serum 200 ml"},"content":{"rendered":"<p>Ein feuchtigkeitsspendendes K\u00f6rperserum mit AHAs, das ein nat\u00fcrliches Peeling erzielt und die Haut mit einem nat\u00fcrlichen Glanz strahlen l\u00e4sst. Beschr\u00e4nken Sie die Anwendung bei empfindlicher Haut auf ein- bis zweimal pro Woche. Nicht zusammen mit einem anderen Peeling verwenden. Ein leichtes Kribbeln ist normal, stellen Sie jedoch bitte die Anwendung ein, wenn Sie R\u00f6tungen oder ein Brennen bemerken. Sind Sie sich nicht sicher, ob es f\u00fcr Sie richtig ist, m\u00f6chten es aber unbedingt versuchen, f\u00fchren Sie vorher einen Patch-Test an einer weniger auff\u00e4lligen Stelle durch. Wenn Sie versehentlich ein \u00fcberm\u00e4\u00dfiges Peeling durchf\u00fchren, hilft die Evercalm Ultra Comforting Rescue Mask, Irritationen zu lindern.<\/p>\n","protected":false},"excerpt":{"rendered":"<p>Ein feuchtigkeitsspendendes K\u00f6rperserum mit AHAs, das ein nat\u00fcrliches Peeling erzielt und die Haut mit einem nat\u00fcrlichen Glanz strahlen l\u00e4sst. Beschr\u00e4nken Sie die Anwendung bei empfindlicher Haut auf ein- bis zweimal pro Woche. Nicht zusammen mit einem anderen Peeling verwenden. Ein leichtes Kribbeln ist normal, stellen Sie jedoch bitte die Anwendung ein, wenn Sie R\u00f6tungen oder [&hellip;]<\/p>\n","protected":false},"featured_media":0,"template":"","meta":{"_acf_changed":false},"product_brand":[],"product_cat":[808],"product_tag":[],"class_list":{"0":"post-89060","1":"product","2":"type-product","3":"status-publish","5":"product_cat-r","6":"pa_packungsgroesse-200ml","8":"first","9":"instock","10":"shipping-taxable","11":"purchasable","12":"product-type-simple"},"acf":[],"_links":{"self":[{"href":"https:\/\/www.ernstbrunn-apotheke.at\/katalog\/wp-json\/wp\/v2\/product\/89060","targetHints":{"allow":["GET"]}}],"collection":[{"href":"https:\/\/www.ernstbrunn-apotheke.at\/katalog\/wp-json\/wp\/v2\/product"}],"about":[{"href":"https:\/\/www.ernstbrunn-apotheke.at\/katalog\/wp-json\/wp\/v2\/types\/product"}],"wp:attachment":[{"href":"https:\/\/www.ernstbrunn-apotheke.at\/katalog\/wp-json\/wp\/v2\/media?parent=89060"}],"wp:term":[{"taxonomy":"product_brand","embeddable":true,"href":"https:\/\/www.ernstbrunn-apotheke.at\/katalog\/wp-json\/wp\/v2\/product_brand?post=89060"},{"taxonomy":"product_cat","embeddable":true,"href":"https:\/\/www.ernstbrunn-apotheke.at\/katalog\/wp-json\/wp\/v2\/product_cat?post=89060"},{"taxonomy":"product_tag","embeddable":true,"href":"https:\/\/www.ernstbrunn-apotheke.at\/katalog\/wp-json\/wp\/v2\/product_tag?post=89060"}],"curies":[{"name":"wp","href":"https:\/\/api.w.org\/{rel}","templated":true}]}}