{"id":88994,"date":"2025-11-12T07:00:22","date_gmt":"2025-11-12T06:00:22","guid":{"rendered":"https:\/\/www.ernstbrunn-apotheke.at\/katalog\/produkt\/histofreezer-kryo-therapie-spray-1-stk-m\/"},"modified":"2025-12-08T20:14:35","modified_gmt":"2025-12-08T19:14:35","slug":"histofreezer-kryo-therapie-spray-1-stk-m","status":"publish","type":"product","link":"https:\/\/www.ernstbrunn-apotheke.at\/katalog\/produkt\/histofreezer-kryo-therapie-spray-1-stk-m\/","title":{"rendered":"Histofreezer Kryo-Therapie Spray 1 Stk. M"},"content":{"rendered":"<p>Histofreezer Kryo-Therapie Spray ist das bew\u00e4hrte kryochirurgische System f\u00fcr die unkomplizierte, unblutige und schmerzarme Entfernung von Warzen und anderen gutartigen Hautl\u00e4sionen bei einer minimalen Gefahr von Narbenbildung.Dieses Produkt erhalten Sie in den Varianten S und M.<\/p>\n","protected":false},"excerpt":{"rendered":"<p>Histofreezer Kryo-Therapie Spray ist das bew\u00e4hrte kryochirurgische System f\u00fcr die unkomplizierte, unblutige und schmerzarme Entfernung von Warzen und anderen gutartigen Hautl\u00e4sionen bei einer minimalen Gefahr von Narbenbildung.Dieses Produkt erhalten Sie in den Varianten S und M.<\/p>\n","protected":false},"featured_media":88996,"template":"","meta":{"_acf_changed":false},"product_brand":[],"product_cat":[805],"product_tag":[],"class_list":{"0":"post-88994","1":"product","2":"type-product","3":"status-publish","4":"has-post-thumbnail","6":"product_cat-h","7":"pa_packungsgroesse-500","9":"first","10":"instock","11":"shipping-taxable","12":"purchasable","13":"product-type-simple"},"acf":[],"_links":{"self":[{"href":"https:\/\/www.ernstbrunn-apotheke.at\/katalog\/wp-json\/wp\/v2\/product\/88994","targetHints":{"allow":["GET"]}}],"collection":[{"href":"https:\/\/www.ernstbrunn-apotheke.at\/katalog\/wp-json\/wp\/v2\/product"}],"about":[{"href":"https:\/\/www.ernstbrunn-apotheke.at\/katalog\/wp-json\/wp\/v2\/types\/product"}],"wp:featuredmedia":[{"embeddable":true,"href":"https:\/\/www.ernstbrunn-apotheke.at\/katalog\/wp-json\/wp\/v2\/media\/88996"}],"wp:attachment":[{"href":"https:\/\/www.ernstbrunn-apotheke.at\/katalog\/wp-json\/wp\/v2\/media?parent=88994"}],"wp:term":[{"taxonomy":"product_brand","embeddable":true,"href":"https:\/\/www.ernstbrunn-apotheke.at\/katalog\/wp-json\/wp\/v2\/product_brand?post=88994"},{"taxonomy":"product_cat","embeddable":true,"href":"https:\/\/www.ernstbrunn-apotheke.at\/katalog\/wp-json\/wp\/v2\/product_cat?post=88994"},{"taxonomy":"product_tag","embeddable":true,"href":"https:\/\/www.ernstbrunn-apotheke.at\/katalog\/wp-json\/wp\/v2\/product_tag?post=88994"}],"curies":[{"name":"wp","href":"https:\/\/api.w.org\/{rel}","templated":true}]}}