{"id":88990,"date":"2025-11-12T07:00:22","date_gmt":"2025-11-12T06:00:22","guid":{"rendered":"https:\/\/www.ernstbrunn-apotheke.at\/katalog\/produkt\/l-argininpyroglutamat-l-lysin-kapseln\/"},"modified":"2025-12-08T20:14:34","modified_gmt":"2025-12-08T19:14:34","slug":"l-argininpyroglutamat-l-lysin-kapseln","status":"publish","type":"product","link":"https:\/\/www.ernstbrunn-apotheke.at\/katalog\/produkt\/l-argininpyroglutamat-l-lysin-kapseln\/","title":{"rendered":"L &#8211; Argininpyroglutamat + L &#8211; Lysin Kapseln"},"content":{"rendered":"<p>L-Argininpyroglutamat + Lysin GPH Kapseln enthalten eine Kombination aus L-Arginin-L-pyroglutamat und L-Lysin, die sich im Sport sehr etabliert hat. Die Kombination hat eine aufbauende Wirkung, einen positiven Einfluss auf den Energiehaushalt sowie auf die Regeneration und Erhaltung von Muskelgewebe und sorgt f\u00fcr bessere Ausdauer . Dieses Produkt erhalten Sie in den Packungsgr\u00f6\u00dfen 100 und 180 St\u00fcck.<\/p>\n","protected":false},"excerpt":{"rendered":"<p>L-Argininpyroglutamat + Lysin GPH Kapseln enthalten eine Kombination aus L-Arginin-L-pyroglutamat und L-Lysin, die sich im Sport sehr etabliert hat. Die Kombination hat eine aufbauende Wirkung, einen positiven Einfluss auf den Energiehaushalt sowie auf die Regeneration und Erhaltung von Muskelgewebe und sorgt f\u00fcr bessere Ausdauer . Dieses Produkt erhalten Sie in den Packungsgr\u00f6\u00dfen 100 und 180 [&hellip;]<\/p>\n","protected":false},"featured_media":88992,"template":"","meta":{"_acf_changed":false},"product_brand":[371],"product_cat":[795],"product_tag":[],"class_list":{"0":"post-88990","1":"product","2":"type-product","3":"status-publish","4":"has-post-thumbnail","6":"product_brand-gall-pharma","7":"product_cat-l","8":"pa_packungsgroesse-100-stueck","10":"first","11":"instock","12":"shipping-taxable","13":"purchasable","14":"product-type-simple"},"acf":[],"_links":{"self":[{"href":"https:\/\/www.ernstbrunn-apotheke.at\/katalog\/wp-json\/wp\/v2\/product\/88990","targetHints":{"allow":["GET"]}}],"collection":[{"href":"https:\/\/www.ernstbrunn-apotheke.at\/katalog\/wp-json\/wp\/v2\/product"}],"about":[{"href":"https:\/\/www.ernstbrunn-apotheke.at\/katalog\/wp-json\/wp\/v2\/types\/product"}],"wp:featuredmedia":[{"embeddable":true,"href":"https:\/\/www.ernstbrunn-apotheke.at\/katalog\/wp-json\/wp\/v2\/media\/88992"}],"wp:attachment":[{"href":"https:\/\/www.ernstbrunn-apotheke.at\/katalog\/wp-json\/wp\/v2\/media?parent=88990"}],"wp:term":[{"taxonomy":"product_brand","embeddable":true,"href":"https:\/\/www.ernstbrunn-apotheke.at\/katalog\/wp-json\/wp\/v2\/product_brand?post=88990"},{"taxonomy":"product_cat","embeddable":true,"href":"https:\/\/www.ernstbrunn-apotheke.at\/katalog\/wp-json\/wp\/v2\/product_cat?post=88990"},{"taxonomy":"product_tag","embeddable":true,"href":"https:\/\/www.ernstbrunn-apotheke.at\/katalog\/wp-json\/wp\/v2\/product_tag?post=88990"}],"curies":[{"name":"wp","href":"https:\/\/api.w.org\/{rel}","templated":true}]}}