{"id":88986,"date":"2025-11-12T07:00:22","date_gmt":"2025-11-12T06:00:22","guid":{"rendered":"https:\/\/www.ernstbrunn-apotheke.at\/katalog\/produkt\/nestle-resource-instant-brei-7-kornbrei-2-x-300-g-6-stk\/"},"modified":"2025-12-08T20:14:32","modified_gmt":"2025-12-08T19:14:32","slug":"nestle-resource-instant-brei-7-kornbrei-2-x-300-g-6-stk","status":"publish","type":"product","link":"https:\/\/www.ernstbrunn-apotheke.at\/katalog\/produkt\/nestle-resource-instant-brei-7-kornbrei-2-x-300-g-6-stk\/","title":{"rendered":"Nestl\u00e9 Resource Instant Brei 7-Kornbrei 2 x 300 g 6 Stk."},"content":{"rendered":"<p>Nestl\u00e9 Health Science liefert ein umfangreiches Sortiment aus der Resource\u00ae Produktgruppe. Abgestimmt auf die verschiedenen Ern\u00e4hrungsbed\u00fcrfnisse sind sie in verschiedenen Varianten entwickelt worden, um den unterschiedlichen Bed\u00fcrfnissen der Patienten gerecht zu werden.<\/p>\n","protected":false},"excerpt":{"rendered":"<p>Nestl\u00e9 Health Science liefert ein umfangreiches Sortiment aus der Resource\u00ae Produktgruppe. Abgestimmt auf die verschiedenen Ern\u00e4hrungsbed\u00fcrfnisse sind sie in verschiedenen Varianten entwickelt worden, um den unterschiedlichen Bed\u00fcrfnissen der Patienten gerecht zu werden.<\/p>\n","protected":false},"featured_media":88988,"template":"","meta":{"_acf_changed":false},"product_brand":[833],"product_cat":[797],"product_tag":[],"class_list":{"0":"post-88986","1":"product","2":"type-product","3":"status-publish","4":"has-post-thumbnail","6":"product_brand-nestle","7":"product_cat-n","8":"pa_geschmack-7-korn","9":"pa_packungsgroesse-6-stueck","11":"first","12":"instock","13":"shipping-taxable","14":"purchasable","15":"product-type-simple"},"acf":[],"_links":{"self":[{"href":"https:\/\/www.ernstbrunn-apotheke.at\/katalog\/wp-json\/wp\/v2\/product\/88986","targetHints":{"allow":["GET"]}}],"collection":[{"href":"https:\/\/www.ernstbrunn-apotheke.at\/katalog\/wp-json\/wp\/v2\/product"}],"about":[{"href":"https:\/\/www.ernstbrunn-apotheke.at\/katalog\/wp-json\/wp\/v2\/types\/product"}],"wp:featuredmedia":[{"embeddable":true,"href":"https:\/\/www.ernstbrunn-apotheke.at\/katalog\/wp-json\/wp\/v2\/media\/88988"}],"wp:attachment":[{"href":"https:\/\/www.ernstbrunn-apotheke.at\/katalog\/wp-json\/wp\/v2\/media?parent=88986"}],"wp:term":[{"taxonomy":"product_brand","embeddable":true,"href":"https:\/\/www.ernstbrunn-apotheke.at\/katalog\/wp-json\/wp\/v2\/product_brand?post=88986"},{"taxonomy":"product_cat","embeddable":true,"href":"https:\/\/www.ernstbrunn-apotheke.at\/katalog\/wp-json\/wp\/v2\/product_cat?post=88986"},{"taxonomy":"product_tag","embeddable":true,"href":"https:\/\/www.ernstbrunn-apotheke.at\/katalog\/wp-json\/wp\/v2\/product_tag?post=88986"}],"curies":[{"name":"wp","href":"https:\/\/api.w.org\/{rel}","templated":true}]}}