{"id":88901,"date":"2025-11-12T06:58:50","date_gmt":"2025-11-12T05:58:50","guid":{"rendered":"https:\/\/www.ernstbrunn-apotheke.at\/katalog\/produkt\/kudzu-300mg-kapseln-3\/"},"modified":"2025-12-08T20:13:51","modified_gmt":"2025-12-08T19:13:51","slug":"kudzu-300mg-kapseln-3","status":"publish","type":"product","link":"https:\/\/www.ernstbrunn-apotheke.at\/katalog\/produkt\/kudzu-300mg-kapseln-3\/","title":{"rendered":"Kudzu 300mg Kapseln"},"content":{"rendered":"<p>Kudzu 300 mg GPH Kapseln enthalten ein Kudzu Trockenextrakt, dessen Inhaltsstoffe zu einer schnelleren Regeneration des K\u00f6rpers nach \u00fcberm\u00e4\u00dfigem Alkoholkonsum beitragen k\u00f6nnen. Au\u00dferdem k\u00f6nnen sie unterst\u00fctzend zur Raucherentw\u00f6hnung eingenommen werden, da ihnen eine Nikotin entw\u00f6hnende Eigenschaft zugesprochen wird. erhalten Sie dieses Produkt in Packungen zu 120 und 180 St\u00fcck.<\/p>\n","protected":false},"excerpt":{"rendered":"<p>Kudzu 300 mg GPH Kapseln enthalten ein Kudzu Trockenextrakt, dessen Inhaltsstoffe zu einer schnelleren Regeneration des K\u00f6rpers nach \u00fcberm\u00e4\u00dfigem Alkoholkonsum beitragen k\u00f6nnen. Au\u00dferdem k\u00f6nnen sie unterst\u00fctzend zur Raucherentw\u00f6hnung eingenommen werden, da ihnen eine Nikotin entw\u00f6hnende Eigenschaft zugesprochen wird. erhalten Sie dieses Produkt in Packungen zu 120 und 180 St\u00fcck.<\/p>\n","protected":false},"featured_media":88903,"template":"","meta":{"_acf_changed":false},"product_brand":[371],"product_cat":[807],"product_tag":[],"class_list":{"0":"post-88901","1":"product","2":"type-product","3":"status-publish","4":"has-post-thumbnail","6":"product_brand-gall-pharma","7":"product_cat-k","8":"pa_packungsgroesse-180-stueck","10":"first","11":"instock","12":"shipping-taxable","13":"purchasable","14":"product-type-simple"},"acf":[],"_links":{"self":[{"href":"https:\/\/www.ernstbrunn-apotheke.at\/katalog\/wp-json\/wp\/v2\/product\/88901","targetHints":{"allow":["GET"]}}],"collection":[{"href":"https:\/\/www.ernstbrunn-apotheke.at\/katalog\/wp-json\/wp\/v2\/product"}],"about":[{"href":"https:\/\/www.ernstbrunn-apotheke.at\/katalog\/wp-json\/wp\/v2\/types\/product"}],"wp:featuredmedia":[{"embeddable":true,"href":"https:\/\/www.ernstbrunn-apotheke.at\/katalog\/wp-json\/wp\/v2\/media\/88903"}],"wp:attachment":[{"href":"https:\/\/www.ernstbrunn-apotheke.at\/katalog\/wp-json\/wp\/v2\/media?parent=88901"}],"wp:term":[{"taxonomy":"product_brand","embeddable":true,"href":"https:\/\/www.ernstbrunn-apotheke.at\/katalog\/wp-json\/wp\/v2\/product_brand?post=88901"},{"taxonomy":"product_cat","embeddable":true,"href":"https:\/\/www.ernstbrunn-apotheke.at\/katalog\/wp-json\/wp\/v2\/product_cat?post=88901"},{"taxonomy":"product_tag","embeddable":true,"href":"https:\/\/www.ernstbrunn-apotheke.at\/katalog\/wp-json\/wp\/v2\/product_tag?post=88901"}],"curies":[{"name":"wp","href":"https:\/\/api.w.org\/{rel}","templated":true}]}}