{"id":88822,"date":"2025-11-12T06:57:15","date_gmt":"2025-11-12T05:57:15","guid":{"rendered":"https:\/\/www.ernstbrunn-apotheke.at\/katalog\/produkt\/guarkernmehl-pulver-junek-250-g\/"},"modified":"2025-12-08T20:13:15","modified_gmt":"2025-12-08T19:13:15","slug":"guarkernmehl-pulver-junek-250-g","status":"publish","type":"product","link":"https:\/\/www.ernstbrunn-apotheke.at\/katalog\/produkt\/guarkernmehl-pulver-junek-250-g\/","title":{"rendered":"Guarkernmehl Pulver Junek 250 g"},"content":{"rendered":"<p>Guarkernmehl Pulver wird aus dem Samen bzw. Endosperm der Guarbohne gewonnen. Das wei\u00dfe bis gelbliche Pulver besteht haupts\u00e4chlich aus pflanzlichen Schleimstoffen aus der Gruppe der Polysaccharide. Diese sind aus einer Kombination aus Galactose und Mannose Einheiten kettenartig miteinander verbunden. Die chemische Bezeichnung f\u00fcr diese St\u00e4rke \u00e4hnliche Substanz ist Galactomannan.<\/p>\n","protected":false},"excerpt":{"rendered":"<p>Guarkernmehl Pulver wird aus dem Samen bzw. Endosperm der Guarbohne gewonnen. Das wei\u00dfe bis gelbliche Pulver besteht haupts\u00e4chlich aus pflanzlichen Schleimstoffen aus der Gruppe der Polysaccharide. Diese sind aus einer Kombination aus Galactose und Mannose Einheiten kettenartig miteinander verbunden. Die chemische Bezeichnung f\u00fcr diese St\u00e4rke \u00e4hnliche Substanz ist Galactomannan.<\/p>\n","protected":false},"featured_media":0,"template":"","meta":{"_acf_changed":false},"product_brand":[],"product_cat":[810],"product_tag":[],"class_list":{"0":"post-88822","1":"product","2":"type-product","3":"status-publish","5":"product_cat-g","6":"pa_packungsgroesse-250g","8":"first","9":"instock","10":"shipping-taxable","11":"purchasable","12":"product-type-simple"},"acf":[],"_links":{"self":[{"href":"https:\/\/www.ernstbrunn-apotheke.at\/katalog\/wp-json\/wp\/v2\/product\/88822","targetHints":{"allow":["GET"]}}],"collection":[{"href":"https:\/\/www.ernstbrunn-apotheke.at\/katalog\/wp-json\/wp\/v2\/product"}],"about":[{"href":"https:\/\/www.ernstbrunn-apotheke.at\/katalog\/wp-json\/wp\/v2\/types\/product"}],"wp:attachment":[{"href":"https:\/\/www.ernstbrunn-apotheke.at\/katalog\/wp-json\/wp\/v2\/media?parent=88822"}],"wp:term":[{"taxonomy":"product_brand","embeddable":true,"href":"https:\/\/www.ernstbrunn-apotheke.at\/katalog\/wp-json\/wp\/v2\/product_brand?post=88822"},{"taxonomy":"product_cat","embeddable":true,"href":"https:\/\/www.ernstbrunn-apotheke.at\/katalog\/wp-json\/wp\/v2\/product_cat?post=88822"},{"taxonomy":"product_tag","embeddable":true,"href":"https:\/\/www.ernstbrunn-apotheke.at\/katalog\/wp-json\/wp\/v2\/product_tag?post=88822"}],"curies":[{"name":"wp","href":"https:\/\/api.w.org\/{rel}","templated":true}]}}