{"id":88753,"date":"2025-11-12T06:55:32","date_gmt":"2025-11-12T05:55:32","guid":{"rendered":"https:\/\/www.ernstbrunn-apotheke.at\/katalog\/produkt\/bachbluete-apopharm-16-honeysuckle-geissblatt-20-ml\/"},"modified":"2025-12-08T20:12:45","modified_gmt":"2025-12-08T19:12:45","slug":"bachbluete-apopharm-16-honeysuckle-geissblatt-20-ml","status":"publish","type":"product","link":"https:\/\/www.ernstbrunn-apotheke.at\/katalog\/produkt\/bachbluete-apopharm-16-honeysuckle-geissblatt-20-ml\/","title":{"rendered":"Bachbl\u00fcte Apopharm 16 Honeysuckle\/Gei\u00dfblatt 20 ml"},"content":{"rendered":"<p>Bachbl\u00fcte Apopharm 16 Honeysuckle eignet sich zur Anwendung bei allen krankhaften St\u00f6rungen, die mit wehm\u00fctigen Erinnerungen einhergehen oder davon ausgel\u00f6st wurden. So wird das Produkt im t\u00e4glichen Leben bei Erinnerungen, Heimweh oder auch Trauer durch Verlust eingesetzt.<\/p>\n","protected":false},"excerpt":{"rendered":"<p>Bachbl\u00fcte Apopharm 16 Honeysuckle eignet sich zur Anwendung bei allen krankhaften St\u00f6rungen, die mit wehm\u00fctigen Erinnerungen einhergehen oder davon ausgel\u00f6st wurden. So wird das Produkt im t\u00e4glichen Leben bei Erinnerungen, Heimweh oder auch Trauer durch Verlust eingesetzt.<\/p>\n","protected":false},"featured_media":0,"template":"","meta":{"_acf_changed":false},"product_brand":[],"product_cat":[802],"product_tag":[],"class_list":{"0":"post-88753","1":"product","2":"type-product","3":"status-publish","5":"product_cat-b","6":"pa_packungsgroesse-20ml","8":"first","9":"instock","10":"shipping-taxable","11":"purchasable","12":"product-type-simple"},"acf":[],"_links":{"self":[{"href":"https:\/\/www.ernstbrunn-apotheke.at\/katalog\/wp-json\/wp\/v2\/product\/88753","targetHints":{"allow":["GET"]}}],"collection":[{"href":"https:\/\/www.ernstbrunn-apotheke.at\/katalog\/wp-json\/wp\/v2\/product"}],"about":[{"href":"https:\/\/www.ernstbrunn-apotheke.at\/katalog\/wp-json\/wp\/v2\/types\/product"}],"wp:attachment":[{"href":"https:\/\/www.ernstbrunn-apotheke.at\/katalog\/wp-json\/wp\/v2\/media?parent=88753"}],"wp:term":[{"taxonomy":"product_brand","embeddable":true,"href":"https:\/\/www.ernstbrunn-apotheke.at\/katalog\/wp-json\/wp\/v2\/product_brand?post=88753"},{"taxonomy":"product_cat","embeddable":true,"href":"https:\/\/www.ernstbrunn-apotheke.at\/katalog\/wp-json\/wp\/v2\/product_cat?post=88753"},{"taxonomy":"product_tag","embeddable":true,"href":"https:\/\/www.ernstbrunn-apotheke.at\/katalog\/wp-json\/wp\/v2\/product_tag?post=88753"}],"curies":[{"name":"wp","href":"https:\/\/api.w.org\/{rel}","templated":true}]}}