{"id":88572,"date":"2025-11-12T06:52:47","date_gmt":"2025-11-12T05:52:47","guid":{"rendered":"https:\/\/www.ernstbrunn-apotheke.at\/katalog\/produkt\/australische-buschblueten-essenzen-15-ml-mountain-devil\/"},"modified":"2025-12-08T20:11:32","modified_gmt":"2025-12-08T19:11:32","slug":"australische-buschblueten-essenzen-15-ml-mountain-devil","status":"publish","type":"product","link":"https:\/\/www.ernstbrunn-apotheke.at\/katalog\/produkt\/australische-buschblueten-essenzen-15-ml-mountain-devil\/","title":{"rendered":"Australische Buschbl\u00fcten Essenzen 15 ml Mountain Devil"},"content":{"rendered":"<p>Australische Buschbl\u00fcten Essenz Mountain Devil hilft Menschen, die ihre Zuneigung und Liebe nur schwer zum Ausdruck bringen k\u00f6nnen, weil sie von negativen Gef\u00fchlen, wie Wut, Eifersucht und Hass, blockiert werden. Mountain Devil erm\u00f6glicht ein Losl\u00f6sen dieser negativen Gef\u00fchle und bedingungslose Liebe zu entwickeln.<\/p>\n","protected":false},"excerpt":{"rendered":"<p>Australische Buschbl\u00fcten Essenz Mountain Devil hilft Menschen, die ihre Zuneigung und Liebe nur schwer zum Ausdruck bringen k\u00f6nnen, weil sie von negativen Gef\u00fchlen, wie Wut, Eifersucht und Hass, blockiert werden. Mountain Devil erm\u00f6glicht ein Losl\u00f6sen dieser negativen Gef\u00fchle und bedingungslose Liebe zu entwickeln.<\/p>\n","protected":false},"featured_media":0,"template":"","meta":{"_acf_changed":false},"product_brand":[930],"product_cat":[801],"product_tag":[],"class_list":{"0":"post-88572","1":"product","2":"type-product","3":"status-publish","5":"product_brand-australische-buschblueten","6":"product_cat-a","7":"pa_packungsgroesse-15ml","9":"first","10":"instock","11":"shipping-taxable","12":"purchasable","13":"product-type-simple"},"acf":[],"_links":{"self":[{"href":"https:\/\/www.ernstbrunn-apotheke.at\/katalog\/wp-json\/wp\/v2\/product\/88572","targetHints":{"allow":["GET"]}}],"collection":[{"href":"https:\/\/www.ernstbrunn-apotheke.at\/katalog\/wp-json\/wp\/v2\/product"}],"about":[{"href":"https:\/\/www.ernstbrunn-apotheke.at\/katalog\/wp-json\/wp\/v2\/types\/product"}],"wp:attachment":[{"href":"https:\/\/www.ernstbrunn-apotheke.at\/katalog\/wp-json\/wp\/v2\/media?parent=88572"}],"wp:term":[{"taxonomy":"product_brand","embeddable":true,"href":"https:\/\/www.ernstbrunn-apotheke.at\/katalog\/wp-json\/wp\/v2\/product_brand?post=88572"},{"taxonomy":"product_cat","embeddable":true,"href":"https:\/\/www.ernstbrunn-apotheke.at\/katalog\/wp-json\/wp\/v2\/product_cat?post=88572"},{"taxonomy":"product_tag","embeddable":true,"href":"https:\/\/www.ernstbrunn-apotheke.at\/katalog\/wp-json\/wp\/v2\/product_tag?post=88572"}],"curies":[{"name":"wp","href":"https:\/\/api.w.org\/{rel}","templated":true}]}}