{"id":8855,"date":"2025-11-07T13:48:54","date_gmt":"2025-11-07T12:48:54","guid":{"rendered":"https:\/\/www.ernstbrunn-apotheke.at\/katalog\/produkt\/hylovital-kapseln-30-stk\/"},"modified":"2025-12-08T13:26:20","modified_gmt":"2025-12-08T12:26:20","slug":"hylovital-kapseln-30-stk","status":"publish","type":"product","link":"https:\/\/www.ernstbrunn-apotheke.at\/katalog\/produkt\/hylovital-kapseln-30-stk\/","title":{"rendered":"Hylovital Kapseln 30 Stk."},"content":{"rendered":"<p>Hylovital Kapseln sind ein Nahrungserg\u00e4nzungsmittel mit hoch konzentrierter pflanzlicher Hyalurons\u00e4ure. Hyalurons\u00e4ure ist ein wichtiger Bestandteil u.a. des Bindegewebes, der Haut, der Gelenksfl\u00fcssigkeit und der Knorpel. Daher \u00fcbernimmt sie eine besondere Bedeutung im Anti-Aging-Bereich.<\/p>\n","protected":false},"excerpt":{"rendered":"<p>Hylovital Kapseln sind ein Nahrungserg\u00e4nzungsmittel mit hoch konzentrierter pflanzlicher Hyalurons\u00e4ure. Hyalurons\u00e4ure ist ein wichtiger Bestandteil u.a. des Bindegewebes, der Haut, der Gelenksfl\u00fcssigkeit und der Knorpel. Daher \u00fcbernimmt sie eine besondere Bedeutung im Anti-Aging-Bereich.<\/p>\n","protected":false},"featured_media":8857,"template":"","meta":{"_acf_changed":false},"product_brand":[],"product_cat":[805],"product_tag":[],"class_list":{"0":"post-8855","1":"product","2":"type-product","3":"status-publish","4":"has-post-thumbnail","6":"product_cat-h","7":"pa_packungsgroesse-30-stueck","9":"first","10":"instock","11":"shipping-taxable","12":"purchasable","13":"product-type-simple"},"acf":[],"_links":{"self":[{"href":"https:\/\/www.ernstbrunn-apotheke.at\/katalog\/wp-json\/wp\/v2\/product\/8855","targetHints":{"allow":["GET"]}}],"collection":[{"href":"https:\/\/www.ernstbrunn-apotheke.at\/katalog\/wp-json\/wp\/v2\/product"}],"about":[{"href":"https:\/\/www.ernstbrunn-apotheke.at\/katalog\/wp-json\/wp\/v2\/types\/product"}],"wp:featuredmedia":[{"embeddable":true,"href":"https:\/\/www.ernstbrunn-apotheke.at\/katalog\/wp-json\/wp\/v2\/media\/8857"}],"wp:attachment":[{"href":"https:\/\/www.ernstbrunn-apotheke.at\/katalog\/wp-json\/wp\/v2\/media?parent=8855"}],"wp:term":[{"taxonomy":"product_brand","embeddable":true,"href":"https:\/\/www.ernstbrunn-apotheke.at\/katalog\/wp-json\/wp\/v2\/product_brand?post=8855"},{"taxonomy":"product_cat","embeddable":true,"href":"https:\/\/www.ernstbrunn-apotheke.at\/katalog\/wp-json\/wp\/v2\/product_cat?post=8855"},{"taxonomy":"product_tag","embeddable":true,"href":"https:\/\/www.ernstbrunn-apotheke.at\/katalog\/wp-json\/wp\/v2\/product_tag?post=8855"}],"curies":[{"name":"wp","href":"https:\/\/api.w.org\/{rel}","templated":true}]}}