{"id":88490,"date":"2025-11-12T06:51:21","date_gmt":"2025-11-12T05:51:21","guid":{"rendered":"https:\/\/www.ernstbrunn-apotheke.at\/katalog\/produkt\/cytosan-kraeuterextrakt-pillen-90-stk\/"},"modified":"2025-12-08T20:10:53","modified_gmt":"2025-12-08T19:10:53","slug":"cytosan-kraeuterextrakt-pillen-90-stk","status":"publish","type":"product","link":"https:\/\/www.ernstbrunn-apotheke.at\/katalog\/produkt\/cytosan-kraeuterextrakt-pillen-90-stk\/","title":{"rendered":"Cytosan Kr\u00e4uterextrakt-Pillen 90 Stk."},"content":{"rendered":"<p>Cytosan Kr\u00e4uterextrakt-Pillen beinhalten konzentrierte bioaktive Substanzen aus Kaliumhumaten, Silymarin aus dem Samen der Mariendistel und Bernsteins\u00e4ure. Die Pillen k\u00f6nnen in Form einer Kur zur Entfernung unerw\u00fcnschter Stoffwechselprodukte aus dem K\u00f6rper verwendet werden.<\/p>\n","protected":false},"excerpt":{"rendered":"<p>Cytosan Kr\u00e4uterextrakt-Pillen beinhalten konzentrierte bioaktive Substanzen aus Kaliumhumaten, Silymarin aus dem Samen der Mariendistel und Bernsteins\u00e4ure. Die Pillen k\u00f6nnen in Form einer Kur zur Entfernung unerw\u00fcnschter Stoffwechselprodukte aus dem K\u00f6rper verwendet werden.<\/p>\n","protected":false},"featured_media":88492,"template":"","meta":{"_acf_changed":false},"product_brand":[],"product_cat":[812],"product_tag":[],"class_list":{"0":"post-88490","1":"product","2":"type-product","3":"status-publish","4":"has-post-thumbnail","6":"product_cat-c","7":"pa_packungsgroesse-90-stueck","9":"first","10":"instock","11":"shipping-taxable","12":"purchasable","13":"product-type-simple"},"acf":[],"_links":{"self":[{"href":"https:\/\/www.ernstbrunn-apotheke.at\/katalog\/wp-json\/wp\/v2\/product\/88490","targetHints":{"allow":["GET"]}}],"collection":[{"href":"https:\/\/www.ernstbrunn-apotheke.at\/katalog\/wp-json\/wp\/v2\/product"}],"about":[{"href":"https:\/\/www.ernstbrunn-apotheke.at\/katalog\/wp-json\/wp\/v2\/types\/product"}],"wp:featuredmedia":[{"embeddable":true,"href":"https:\/\/www.ernstbrunn-apotheke.at\/katalog\/wp-json\/wp\/v2\/media\/88492"}],"wp:attachment":[{"href":"https:\/\/www.ernstbrunn-apotheke.at\/katalog\/wp-json\/wp\/v2\/media?parent=88490"}],"wp:term":[{"taxonomy":"product_brand","embeddable":true,"href":"https:\/\/www.ernstbrunn-apotheke.at\/katalog\/wp-json\/wp\/v2\/product_brand?post=88490"},{"taxonomy":"product_cat","embeddable":true,"href":"https:\/\/www.ernstbrunn-apotheke.at\/katalog\/wp-json\/wp\/v2\/product_cat?post=88490"},{"taxonomy":"product_tag","embeddable":true,"href":"https:\/\/www.ernstbrunn-apotheke.at\/katalog\/wp-json\/wp\/v2\/product_tag?post=88490"}],"curies":[{"name":"wp","href":"https:\/\/api.w.org\/{rel}","templated":true}]}}