{"id":88476,"date":"2025-11-12T06:51:21","date_gmt":"2025-11-12T05:51:21","guid":{"rendered":"https:\/\/www.ernstbrunn-apotheke.at\/katalog\/produkt\/bachbluete-apopharm-rescue-pastillen-zitrone-50-g\/"},"modified":"2025-12-08T20:10:49","modified_gmt":"2025-12-08T19:10:49","slug":"bachbluete-apopharm-rescue-pastillen-zitrone-50-g","status":"publish","type":"product","link":"https:\/\/www.ernstbrunn-apotheke.at\/katalog\/produkt\/bachbluete-apopharm-rescue-pastillen-zitrone-50-g\/","title":{"rendered":"Bachbl\u00fcte Apopharm Rescue Pastillen Zitrone 50 g"},"content":{"rendered":"<p>Apopharm Bachbl\u00fcten Rescue Pastillen eignen sich besonders f\u00fcr Kinder oder f\u00fcr unterwegs. Sie spenden wohltuenden Genuss in vielen anspruchsvollen Alltagssituationen, wie etwa in der Schule oder auch im B\u00fcro. Alkohol- und zuckerfrei.<\/p>\n","protected":false},"excerpt":{"rendered":"<p>Apopharm Bachbl\u00fcten Rescue Pastillen eignen sich besonders f\u00fcr Kinder oder f\u00fcr unterwegs. Sie spenden wohltuenden Genuss in vielen anspruchsvollen Alltagssituationen, wie etwa in der Schule oder auch im B\u00fcro. Alkohol- und zuckerfrei.<\/p>\n","protected":false},"featured_media":0,"template":"","meta":{"_acf_changed":false},"product_brand":[],"product_cat":[802],"product_tag":[],"class_list":{"0":"post-88476","1":"product","2":"type-product","3":"status-publish","5":"product_cat-b","6":"pa_packungsgroesse-50g","8":"first","9":"instock","10":"shipping-taxable","11":"purchasable","12":"product-type-simple"},"acf":[],"_links":{"self":[{"href":"https:\/\/www.ernstbrunn-apotheke.at\/katalog\/wp-json\/wp\/v2\/product\/88476","targetHints":{"allow":["GET"]}}],"collection":[{"href":"https:\/\/www.ernstbrunn-apotheke.at\/katalog\/wp-json\/wp\/v2\/product"}],"about":[{"href":"https:\/\/www.ernstbrunn-apotheke.at\/katalog\/wp-json\/wp\/v2\/types\/product"}],"wp:attachment":[{"href":"https:\/\/www.ernstbrunn-apotheke.at\/katalog\/wp-json\/wp\/v2\/media?parent=88476"}],"wp:term":[{"taxonomy":"product_brand","embeddable":true,"href":"https:\/\/www.ernstbrunn-apotheke.at\/katalog\/wp-json\/wp\/v2\/product_brand?post=88476"},{"taxonomy":"product_cat","embeddable":true,"href":"https:\/\/www.ernstbrunn-apotheke.at\/katalog\/wp-json\/wp\/v2\/product_cat?post=88476"},{"taxonomy":"product_tag","embeddable":true,"href":"https:\/\/www.ernstbrunn-apotheke.at\/katalog\/wp-json\/wp\/v2\/product_tag?post=88476"}],"curies":[{"name":"wp","href":"https:\/\/api.w.org\/{rel}","templated":true}]}}