{"id":88438,"date":"2025-11-12T06:50:38","date_gmt":"2025-11-12T05:50:38","guid":{"rendered":"https:\/\/www.ernstbrunn-apotheke.at\/katalog\/produkt\/l-threonin-500mg-kapseln\/"},"modified":"2025-12-08T20:10:28","modified_gmt":"2025-12-08T19:10:28","slug":"l-threonin-500mg-kapseln","status":"publish","type":"product","link":"https:\/\/www.ernstbrunn-apotheke.at\/katalog\/produkt\/l-threonin-500mg-kapseln\/","title":{"rendered":"L &#8211; Threonin 500mg Kapseln"},"content":{"rendered":"<p>Gall Pharma L-Threonin 500 mg Kapseln enthalten 500 mg L-Threonin in einer Hartgelatinekapsel. L-Threonin ist eine lebenswichtige Aminos\u00e4ure. Ihre Rolle \u00fcbernimmt sie bei der Produktion von Immunglobulinen und Antik\u00f6rpern. L-Threonin ist wichtig f\u00fcr ein funktionierendes Immunsystem.<\/p>\n","protected":false},"excerpt":{"rendered":"<p>Gall Pharma L-Threonin 500 mg Kapseln enthalten 500 mg L-Threonin in einer Hartgelatinekapsel. L-Threonin ist eine lebenswichtige Aminos\u00e4ure. Ihre Rolle \u00fcbernimmt sie bei der Produktion von Immunglobulinen und Antik\u00f6rpern. L-Threonin ist wichtig f\u00fcr ein funktionierendes Immunsystem.<\/p>\n","protected":false},"featured_media":88440,"template":"","meta":{"_acf_changed":false},"product_brand":[371],"product_cat":[795],"product_tag":[],"class_list":{"0":"post-88438","1":"product","2":"type-product","3":"status-publish","4":"has-post-thumbnail","6":"product_brand-gall-pharma","7":"product_cat-l","8":"pa_packungsgroesse-60-stueck","10":"first","11":"instock","12":"shipping-taxable","13":"purchasable","14":"product-type-simple"},"acf":[],"_links":{"self":[{"href":"https:\/\/www.ernstbrunn-apotheke.at\/katalog\/wp-json\/wp\/v2\/product\/88438","targetHints":{"allow":["GET"]}}],"collection":[{"href":"https:\/\/www.ernstbrunn-apotheke.at\/katalog\/wp-json\/wp\/v2\/product"}],"about":[{"href":"https:\/\/www.ernstbrunn-apotheke.at\/katalog\/wp-json\/wp\/v2\/types\/product"}],"wp:featuredmedia":[{"embeddable":true,"href":"https:\/\/www.ernstbrunn-apotheke.at\/katalog\/wp-json\/wp\/v2\/media\/88440"}],"wp:attachment":[{"href":"https:\/\/www.ernstbrunn-apotheke.at\/katalog\/wp-json\/wp\/v2\/media?parent=88438"}],"wp:term":[{"taxonomy":"product_brand","embeddable":true,"href":"https:\/\/www.ernstbrunn-apotheke.at\/katalog\/wp-json\/wp\/v2\/product_brand?post=88438"},{"taxonomy":"product_cat","embeddable":true,"href":"https:\/\/www.ernstbrunn-apotheke.at\/katalog\/wp-json\/wp\/v2\/product_cat?post=88438"},{"taxonomy":"product_tag","embeddable":true,"href":"https:\/\/www.ernstbrunn-apotheke.at\/katalog\/wp-json\/wp\/v2\/product_tag?post=88438"}],"curies":[{"name":"wp","href":"https:\/\/api.w.org\/{rel}","templated":true}]}}