{"id":88433,"date":"2025-11-12T06:50:38","date_gmt":"2025-11-12T05:50:38","guid":{"rendered":"https:\/\/www.ernstbrunn-apotheke.at\/katalog\/produkt\/kneipp-badekristalle-500-g-gelenk-und-muskeln\/"},"modified":"2025-12-08T20:10:25","modified_gmt":"2025-12-08T19:10:25","slug":"kneipp-badekristalle-500-g-gelenk-und-muskeln","status":"publish","type":"product","link":"https:\/\/www.ernstbrunn-apotheke.at\/katalog\/produkt\/kneipp-badekristalle-500-g-gelenk-und-muskeln\/","title":{"rendered":"Kneipp Badekristalle 500 g Gelenk und Muskeln"},"content":{"rendered":"<p>Die Kneipp\u00ae Badekristalle Gelenke &#038; Muskel Wohl mit wertvollem Extrakt der Arnika und nat\u00fcrlichen \u00e4therischen \u00d6len aus Cabreuva, Rosmarin und Pinus-Arten schenken Ihnen ein wohltuendes, w\u00e4rmendes und reaktivierendes Badeerlebnis.<\/p>\n","protected":false},"excerpt":{"rendered":"<p>Die Kneipp\u00ae Badekristalle Gelenke &#038; Muskel Wohl mit wertvollem Extrakt der Arnika und nat\u00fcrlichen \u00e4therischen \u00d6len aus Cabreuva, Rosmarin und Pinus-Arten schenken Ihnen ein wohltuendes, w\u00e4rmendes und reaktivierendes Badeerlebnis.<\/p>\n","protected":false},"featured_media":88435,"template":"","meta":{"_acf_changed":false},"product_brand":[662],"product_cat":[807],"product_tag":[],"class_list":{"0":"post-88433","1":"product","2":"type-product","3":"status-publish","4":"has-post-thumbnail","6":"product_brand-kneipp","7":"product_cat-k","8":"pa_packungsgroesse-600g","10":"first","11":"instock","12":"shipping-taxable","13":"purchasable","14":"product-type-simple"},"acf":[],"_links":{"self":[{"href":"https:\/\/www.ernstbrunn-apotheke.at\/katalog\/wp-json\/wp\/v2\/product\/88433","targetHints":{"allow":["GET"]}}],"collection":[{"href":"https:\/\/www.ernstbrunn-apotheke.at\/katalog\/wp-json\/wp\/v2\/product"}],"about":[{"href":"https:\/\/www.ernstbrunn-apotheke.at\/katalog\/wp-json\/wp\/v2\/types\/product"}],"wp:featuredmedia":[{"embeddable":true,"href":"https:\/\/www.ernstbrunn-apotheke.at\/katalog\/wp-json\/wp\/v2\/media\/88435"}],"wp:attachment":[{"href":"https:\/\/www.ernstbrunn-apotheke.at\/katalog\/wp-json\/wp\/v2\/media?parent=88433"}],"wp:term":[{"taxonomy":"product_brand","embeddable":true,"href":"https:\/\/www.ernstbrunn-apotheke.at\/katalog\/wp-json\/wp\/v2\/product_brand?post=88433"},{"taxonomy":"product_cat","embeddable":true,"href":"https:\/\/www.ernstbrunn-apotheke.at\/katalog\/wp-json\/wp\/v2\/product_cat?post=88433"},{"taxonomy":"product_tag","embeddable":true,"href":"https:\/\/www.ernstbrunn-apotheke.at\/katalog\/wp-json\/wp\/v2\/product_tag?post=88433"}],"curies":[{"name":"wp","href":"https:\/\/api.w.org\/{rel}","templated":true}]}}