{"id":88429,"date":"2025-11-12T06:50:38","date_gmt":"2025-11-12T05:50:38","guid":{"rendered":"https:\/\/www.ernstbrunn-apotheke.at\/katalog\/produkt\/sanoll-shampoo-ghassoul-200-ml-limette\/"},"modified":"2025-12-08T20:10:22","modified_gmt":"2025-12-08T19:10:22","slug":"sanoll-shampoo-ghassoul-200-ml-limette","status":"publish","type":"product","link":"https:\/\/www.ernstbrunn-apotheke.at\/katalog\/produkt\/sanoll-shampoo-ghassoul-200-ml-limette\/","title":{"rendered":"Sanoll Shampoo Ghassoul 200 ml Limette"},"content":{"rendered":"<p>Sanoll Shampoo Ghassoul ist die nat\u00fcrliche Alternative zum Shampoo, absolut tensidfrei und sch\u00e4umt nicht. Die feinen Tonpartikel saugen auf nat\u00fcrliche Art \u00fcbersch\u00fcssiges Talg und den Schmutz auf.<\/p>\n","protected":false},"excerpt":{"rendered":"<p>Sanoll Shampoo Ghassoul ist die nat\u00fcrliche Alternative zum Shampoo, absolut tensidfrei und sch\u00e4umt nicht. Die feinen Tonpartikel saugen auf nat\u00fcrliche Art \u00fcbersch\u00fcssiges Talg und den Schmutz auf.<\/p>\n","protected":false},"featured_media":0,"template":"","meta":{"_acf_changed":false},"product_brand":[],"product_cat":[791],"product_tag":[],"class_list":{"0":"post-88429","1":"product","2":"type-product","3":"status-publish","5":"product_cat-s","6":"pa_packungsgroesse-200ml","8":"first","9":"instock","10":"shipping-taxable","11":"purchasable","12":"product-type-simple"},"acf":[],"_links":{"self":[{"href":"https:\/\/www.ernstbrunn-apotheke.at\/katalog\/wp-json\/wp\/v2\/product\/88429","targetHints":{"allow":["GET"]}}],"collection":[{"href":"https:\/\/www.ernstbrunn-apotheke.at\/katalog\/wp-json\/wp\/v2\/product"}],"about":[{"href":"https:\/\/www.ernstbrunn-apotheke.at\/katalog\/wp-json\/wp\/v2\/types\/product"}],"wp:attachment":[{"href":"https:\/\/www.ernstbrunn-apotheke.at\/katalog\/wp-json\/wp\/v2\/media?parent=88429"}],"wp:term":[{"taxonomy":"product_brand","embeddable":true,"href":"https:\/\/www.ernstbrunn-apotheke.at\/katalog\/wp-json\/wp\/v2\/product_brand?post=88429"},{"taxonomy":"product_cat","embeddable":true,"href":"https:\/\/www.ernstbrunn-apotheke.at\/katalog\/wp-json\/wp\/v2\/product_cat?post=88429"},{"taxonomy":"product_tag","embeddable":true,"href":"https:\/\/www.ernstbrunn-apotheke.at\/katalog\/wp-json\/wp\/v2\/product_tag?post=88429"}],"curies":[{"name":"wp","href":"https:\/\/api.w.org\/{rel}","templated":true}]}}