{"id":88392,"date":"2025-11-12T06:50:07","date_gmt":"2025-11-12T05:50:07","guid":{"rendered":"https:\/\/www.ernstbrunn-apotheke.at\/katalog\/produkt\/cell-plus-aqua-scrub-peeling-450-g\/"},"modified":"2025-12-08T20:10:04","modified_gmt":"2025-12-08T19:10:04","slug":"cell-plus-aqua-scrub-peeling-450-g","status":"publish","type":"product","link":"https:\/\/www.ernstbrunn-apotheke.at\/katalog\/produkt\/cell-plus-aqua-scrub-peeling-450-g\/","title":{"rendered":"Cell-Plus Aqua Scrub Peeling 450 g"},"content":{"rendered":"<p>Cell-Plus Aqua Scrub Peeling sorgt f\u00fcr weiche und geschmeidige Haut. Das enthaltene Meersalz und Blaualgen aus der Bretagne k\u00f6nnen die Haut weich machen und einen entw\u00e4ssernden Effekt haben. Die Zusammensetzung der \u00d6le f\u00fchren der Haut essentielle N\u00e4hrstoffe zu und machen diese so weich und geschmeidig.<\/p>\n","protected":false},"excerpt":{"rendered":"<p>Cell-Plus Aqua Scrub Peeling sorgt f\u00fcr weiche und geschmeidige Haut. Das enthaltene Meersalz und Blaualgen aus der Bretagne k\u00f6nnen die Haut weich machen und einen entw\u00e4ssernden Effekt haben. Die Zusammensetzung der \u00d6le f\u00fchren der Haut essentielle N\u00e4hrstoffe zu und machen diese so weich und geschmeidig.<\/p>\n","protected":false},"featured_media":0,"template":"","meta":{"_acf_changed":false},"product_brand":[],"product_cat":[812],"product_tag":[],"class_list":{"0":"post-88392","1":"product","2":"type-product","3":"status-publish","5":"product_cat-c","6":"pa_packungsgroesse-450g","8":"first","9":"instock","10":"shipping-taxable","11":"purchasable","12":"product-type-simple"},"acf":[],"_links":{"self":[{"href":"https:\/\/www.ernstbrunn-apotheke.at\/katalog\/wp-json\/wp\/v2\/product\/88392","targetHints":{"allow":["GET"]}}],"collection":[{"href":"https:\/\/www.ernstbrunn-apotheke.at\/katalog\/wp-json\/wp\/v2\/product"}],"about":[{"href":"https:\/\/www.ernstbrunn-apotheke.at\/katalog\/wp-json\/wp\/v2\/types\/product"}],"wp:attachment":[{"href":"https:\/\/www.ernstbrunn-apotheke.at\/katalog\/wp-json\/wp\/v2\/media?parent=88392"}],"wp:term":[{"taxonomy":"product_brand","embeddable":true,"href":"https:\/\/www.ernstbrunn-apotheke.at\/katalog\/wp-json\/wp\/v2\/product_brand?post=88392"},{"taxonomy":"product_cat","embeddable":true,"href":"https:\/\/www.ernstbrunn-apotheke.at\/katalog\/wp-json\/wp\/v2\/product_cat?post=88392"},{"taxonomy":"product_tag","embeddable":true,"href":"https:\/\/www.ernstbrunn-apotheke.at\/katalog\/wp-json\/wp\/v2\/product_tag?post=88392"}],"curies":[{"name":"wp","href":"https:\/\/api.w.org\/{rel}","templated":true}]}}