{"id":88323,"date":"2025-11-12T06:48:49","date_gmt":"2025-11-12T05:48:49","guid":{"rendered":"https:\/\/www.ernstbrunn-apotheke.at\/katalog\/produkt\/adler-bachblueten-walnut-tropfen-30-ml\/"},"modified":"2025-12-08T20:09:29","modified_gmt":"2025-12-08T19:09:29","slug":"adler-bachblueten-walnut-tropfen-30-ml","status":"publish","type":"product","link":"https:\/\/www.ernstbrunn-apotheke.at\/katalog\/produkt\/adler-bachblueten-walnut-tropfen-30-ml\/","title":{"rendered":"Adler Bachbl\u00fcten Walnut Tropfen 30 ml"},"content":{"rendered":"<p>Adler Bachbl\u00fcten Walnut Tropfen 30 ml sind Teil der &#8222;Zweiten Neunzehn&#8220; Bachbl\u00fctenessenzen, die mit Gem\u00fctszust\u00e4nden verwandt sind und sich auf allt\u00e4gliche Situationen beziehen. Walnut Tropfen eignen sich besonders f\u00fcr Menschen, die sich zu leicht beeinflussen lassen oder die in einer pers\u00f6nlichen Krise mehr Stabilit\u00e4t ben\u00f6tigen und k\u00f6nnen bei der Reduktion \u00fcbertriebener Gutgl\u00e4ubigkeit und schlechten Gewohnheiten unterst\u00fctzend wirken &#8211; jetzt alle Bachbl\u00fctenessenzen von Adler zu g\u00fcnstigen Preisen online bestellen!<\/p>\n","protected":false},"excerpt":{"rendered":"<p>Adler Bachbl\u00fcten Walnut Tropfen 30 ml sind Teil der &#8222;Zweiten Neunzehn&#8220; Bachbl\u00fctenessenzen, die mit Gem\u00fctszust\u00e4nden verwandt sind und sich auf allt\u00e4gliche Situationen beziehen. Walnut Tropfen eignen sich besonders f\u00fcr Menschen, die sich zu leicht beeinflussen lassen oder die in einer pers\u00f6nlichen Krise mehr Stabilit\u00e4t ben\u00f6tigen und k\u00f6nnen bei der Reduktion \u00fcbertriebener Gutgl\u00e4ubigkeit und schlechten Gewohnheiten [&hellip;]<\/p>\n","protected":false},"featured_media":88325,"template":"","meta":{"_acf_changed":false},"product_brand":[928],"product_cat":[801],"product_tag":[],"class_list":{"0":"post-88323","1":"product","2":"type-product","3":"status-publish","4":"has-post-thumbnail","6":"product_brand-adler-pharma","7":"product_cat-a","8":"pa_packungsgroesse-30ml","10":"first","11":"instock","12":"shipping-taxable","13":"purchasable","14":"product-type-simple"},"acf":[],"_links":{"self":[{"href":"https:\/\/www.ernstbrunn-apotheke.at\/katalog\/wp-json\/wp\/v2\/product\/88323","targetHints":{"allow":["GET"]}}],"collection":[{"href":"https:\/\/www.ernstbrunn-apotheke.at\/katalog\/wp-json\/wp\/v2\/product"}],"about":[{"href":"https:\/\/www.ernstbrunn-apotheke.at\/katalog\/wp-json\/wp\/v2\/types\/product"}],"wp:featuredmedia":[{"embeddable":true,"href":"https:\/\/www.ernstbrunn-apotheke.at\/katalog\/wp-json\/wp\/v2\/media\/88325"}],"wp:attachment":[{"href":"https:\/\/www.ernstbrunn-apotheke.at\/katalog\/wp-json\/wp\/v2\/media?parent=88323"}],"wp:term":[{"taxonomy":"product_brand","embeddable":true,"href":"https:\/\/www.ernstbrunn-apotheke.at\/katalog\/wp-json\/wp\/v2\/product_brand?post=88323"},{"taxonomy":"product_cat","embeddable":true,"href":"https:\/\/www.ernstbrunn-apotheke.at\/katalog\/wp-json\/wp\/v2\/product_cat?post=88323"},{"taxonomy":"product_tag","embeddable":true,"href":"https:\/\/www.ernstbrunn-apotheke.at\/katalog\/wp-json\/wp\/v2\/product_tag?post=88323"}],"curies":[{"name":"wp","href":"https:\/\/api.w.org\/{rel}","templated":true}]}}