{"id":88277,"date":"2025-11-12T06:48:29","date_gmt":"2025-11-12T05:48:29","guid":{"rendered":"https:\/\/www.ernstbrunn-apotheke.at\/katalog\/produkt\/salbei-kapseln-60-stk\/"},"modified":"2025-12-08T20:09:05","modified_gmt":"2025-12-08T19:09:05","slug":"salbei-kapseln-60-stk","status":"publish","type":"product","link":"https:\/\/www.ernstbrunn-apotheke.at\/katalog\/produkt\/salbei-kapseln-60-stk\/","title":{"rendered":"Salbei Kapseln 60 Stk."},"content":{"rendered":"<p>Salbei Kapseln reduzieren \u00fcberm\u00e4\u00dfige Schwei\u00dfabsonderung nebenwirkungsfrei und anwenderfreundlich.<\/p>\n","protected":false},"excerpt":{"rendered":"<p>Salbei Kapseln reduzieren \u00fcberm\u00e4\u00dfige Schwei\u00dfabsonderung nebenwirkungsfrei und anwenderfreundlich.<\/p>\n","protected":false},"featured_media":0,"template":"","meta":{"_acf_changed":false},"product_brand":[],"product_cat":[791],"product_tag":[],"class_list":{"0":"post-88277","1":"product","2":"type-product","3":"status-publish","5":"product_cat-s","6":"pa_packungsgroesse-60-stueck","8":"first","9":"instock","10":"shipping-taxable","11":"purchasable","12":"product-type-simple"},"acf":[],"_links":{"self":[{"href":"https:\/\/www.ernstbrunn-apotheke.at\/katalog\/wp-json\/wp\/v2\/product\/88277","targetHints":{"allow":["GET"]}}],"collection":[{"href":"https:\/\/www.ernstbrunn-apotheke.at\/katalog\/wp-json\/wp\/v2\/product"}],"about":[{"href":"https:\/\/www.ernstbrunn-apotheke.at\/katalog\/wp-json\/wp\/v2\/types\/product"}],"wp:attachment":[{"href":"https:\/\/www.ernstbrunn-apotheke.at\/katalog\/wp-json\/wp\/v2\/media?parent=88277"}],"wp:term":[{"taxonomy":"product_brand","embeddable":true,"href":"https:\/\/www.ernstbrunn-apotheke.at\/katalog\/wp-json\/wp\/v2\/product_brand?post=88277"},{"taxonomy":"product_cat","embeddable":true,"href":"https:\/\/www.ernstbrunn-apotheke.at\/katalog\/wp-json\/wp\/v2\/product_cat?post=88277"},{"taxonomy":"product_tag","embeddable":true,"href":"https:\/\/www.ernstbrunn-apotheke.at\/katalog\/wp-json\/wp\/v2\/product_tag?post=88277"}],"curies":[{"name":"wp","href":"https:\/\/api.w.org\/{rel}","templated":true}]}}