{"id":88274,"date":"2025-11-12T06:47:43","date_gmt":"2025-11-12T05:47:43","guid":{"rendered":"https:\/\/www.ernstbrunn-apotheke.at\/katalog\/produkt\/biokosma-shampoo-essentiell-apfelschale-200-ml\/"},"modified":"2025-12-08T20:09:04","modified_gmt":"2025-12-08T19:09:04","slug":"biokosma-shampoo-essentiell-apfelschale-200-ml","status":"publish","type":"product","link":"https:\/\/www.ernstbrunn-apotheke.at\/katalog\/produkt\/biokosma-shampoo-essentiell-apfelschale-200-ml\/","title":{"rendered":"Biokosma Shampoo Essentiell Apfelschale 200 ml"},"content":{"rendered":"<p>Biokosma Shampoo Essentiell Apfelschale verw\u00f6hnt und sch\u00fctzt das normale Haar mit Hilfe hochwertiger Pflanzenextrakte aus Apfelschale, K\u00fcrbiskern und Dinkel. Die befeuchtenden und vitalisierenden Eigenschaften geben dem Haar nat\u00fcrliche Spannkraft und einen seidigen Glanz<\/p>\n","protected":false},"excerpt":{"rendered":"<p>Biokosma Shampoo Essentiell Apfelschale verw\u00f6hnt und sch\u00fctzt das normale Haar mit Hilfe hochwertiger Pflanzenextrakte aus Apfelschale, K\u00fcrbiskern und Dinkel. Die befeuchtenden und vitalisierenden Eigenschaften geben dem Haar nat\u00fcrliche Spannkraft und einen seidigen Glanz<\/p>\n","protected":false},"featured_media":88276,"template":"","meta":{"_acf_changed":false},"product_brand":[],"product_cat":[802],"product_tag":[],"class_list":{"0":"post-88274","1":"product","2":"type-product","3":"status-publish","4":"has-post-thumbnail","6":"product_cat-b","7":"pa_packungsgroesse-200ml","9":"first","10":"instock","11":"shipping-taxable","12":"purchasable","13":"product-type-simple"},"acf":[],"_links":{"self":[{"href":"https:\/\/www.ernstbrunn-apotheke.at\/katalog\/wp-json\/wp\/v2\/product\/88274","targetHints":{"allow":["GET"]}}],"collection":[{"href":"https:\/\/www.ernstbrunn-apotheke.at\/katalog\/wp-json\/wp\/v2\/product"}],"about":[{"href":"https:\/\/www.ernstbrunn-apotheke.at\/katalog\/wp-json\/wp\/v2\/types\/product"}],"wp:featuredmedia":[{"embeddable":true,"href":"https:\/\/www.ernstbrunn-apotheke.at\/katalog\/wp-json\/wp\/v2\/media\/88276"}],"wp:attachment":[{"href":"https:\/\/www.ernstbrunn-apotheke.at\/katalog\/wp-json\/wp\/v2\/media?parent=88274"}],"wp:term":[{"taxonomy":"product_brand","embeddable":true,"href":"https:\/\/www.ernstbrunn-apotheke.at\/katalog\/wp-json\/wp\/v2\/product_brand?post=88274"},{"taxonomy":"product_cat","embeddable":true,"href":"https:\/\/www.ernstbrunn-apotheke.at\/katalog\/wp-json\/wp\/v2\/product_cat?post=88274"},{"taxonomy":"product_tag","embeddable":true,"href":"https:\/\/www.ernstbrunn-apotheke.at\/katalog\/wp-json\/wp\/v2\/product_tag?post=88274"}],"curies":[{"name":"wp","href":"https:\/\/api.w.org\/{rel}","templated":true}]}}