{"id":88271,"date":"2025-11-12T06:47:43","date_gmt":"2025-11-12T05:47:43","guid":{"rendered":"https:\/\/www.ernstbrunn-apotheke.at\/katalog\/produkt\/azzurra-paglieri-duschcreme-250-ml\/"},"modified":"2025-12-08T20:09:02","modified_gmt":"2025-12-08T19:09:02","slug":"azzurra-paglieri-duschcreme-250-ml","status":"publish","type":"product","link":"https:\/\/www.ernstbrunn-apotheke.at\/katalog\/produkt\/azzurra-paglieri-duschcreme-250-ml\/","title":{"rendered":"Azzurra Paglieri Duschcreme 250 ml"},"content":{"rendered":"<p>Azzurra Paglieri Duschcreme steigert dank des einzigartigen, unverwechselbaren und charakteristischen Duftes Ihr pers\u00f6nliches Wohlbefinden und begeistert seit Generationen Gro\u00df und Klein. Reichhaltige, pflegende und aufeinander abgestimmte Substanzen sorgen f\u00fcr ein angenehmes Hautgef\u00fchl und der traditionelle Duft f\u00fcr den well-being Effekt. Dermatologisch getestet.<\/p>\n","protected":false},"excerpt":{"rendered":"<p>Azzurra Paglieri Duschcreme steigert dank des einzigartigen, unverwechselbaren und charakteristischen Duftes Ihr pers\u00f6nliches Wohlbefinden und begeistert seit Generationen Gro\u00df und Klein. Reichhaltige, pflegende und aufeinander abgestimmte Substanzen sorgen f\u00fcr ein angenehmes Hautgef\u00fchl und der traditionelle Duft f\u00fcr den well-being Effekt. Dermatologisch getestet.<\/p>\n","protected":false},"featured_media":88273,"template":"","meta":{"_acf_changed":false},"product_brand":[],"product_cat":[801],"product_tag":[],"class_list":{"0":"post-88271","1":"product","2":"type-product","3":"status-publish","4":"has-post-thumbnail","6":"product_cat-a","7":"pa_packungsgroesse-250ml","9":"first","10":"instock","11":"shipping-taxable","12":"purchasable","13":"product-type-simple"},"acf":[],"_links":{"self":[{"href":"https:\/\/www.ernstbrunn-apotheke.at\/katalog\/wp-json\/wp\/v2\/product\/88271","targetHints":{"allow":["GET"]}}],"collection":[{"href":"https:\/\/www.ernstbrunn-apotheke.at\/katalog\/wp-json\/wp\/v2\/product"}],"about":[{"href":"https:\/\/www.ernstbrunn-apotheke.at\/katalog\/wp-json\/wp\/v2\/types\/product"}],"wp:featuredmedia":[{"embeddable":true,"href":"https:\/\/www.ernstbrunn-apotheke.at\/katalog\/wp-json\/wp\/v2\/media\/88273"}],"wp:attachment":[{"href":"https:\/\/www.ernstbrunn-apotheke.at\/katalog\/wp-json\/wp\/v2\/media?parent=88271"}],"wp:term":[{"taxonomy":"product_brand","embeddable":true,"href":"https:\/\/www.ernstbrunn-apotheke.at\/katalog\/wp-json\/wp\/v2\/product_brand?post=88271"},{"taxonomy":"product_cat","embeddable":true,"href":"https:\/\/www.ernstbrunn-apotheke.at\/katalog\/wp-json\/wp\/v2\/product_cat?post=88271"},{"taxonomy":"product_tag","embeddable":true,"href":"https:\/\/www.ernstbrunn-apotheke.at\/katalog\/wp-json\/wp\/v2\/product_tag?post=88271"}],"curies":[{"name":"wp","href":"https:\/\/api.w.org\/{rel}","templated":true}]}}