{"id":88200,"date":"2025-11-12T06:46:11","date_gmt":"2025-11-12T05:46:11","guid":{"rendered":"https:\/\/www.ernstbrunn-apotheke.at\/katalog\/produkt\/apimanu-ayurveda-kapseln-lebertosan-120-stk\/"},"modified":"2025-12-08T20:08:35","modified_gmt":"2025-12-08T19:08:35","slug":"apimanu-ayurveda-kapseln-lebertosan-120-stk","status":"publish","type":"product","link":"https:\/\/www.ernstbrunn-apotheke.at\/katalog\/produkt\/apimanu-ayurveda-kapseln-lebertosan-120-stk\/","title":{"rendered":"Apimanu Ayurveda Kapseln Lebertosan 120 Stk."},"content":{"rendered":"<p>Apimanu Ayurveda Kapseln Lebertosan beinhalten den Wirkstoff Silymarin in hochkonzentrierter und standardisierter Form. Silymarin der Mariendistel wirkt entz\u00fcndungshemmend und ist ein sogenannter Zellstabilisator, der die Leber gegen Toxine, Drogen und Alkohol sch\u00fctzt. Es stimuliert die Neubildung von Leberzellen und sch\u00fctzt die Leber vor Vergiftungen.<\/p>\n","protected":false},"excerpt":{"rendered":"<p>Apimanu Ayurveda Kapseln Lebertosan beinhalten den Wirkstoff Silymarin in hochkonzentrierter und standardisierter Form. Silymarin der Mariendistel wirkt entz\u00fcndungshemmend und ist ein sogenannter Zellstabilisator, der die Leber gegen Toxine, Drogen und Alkohol sch\u00fctzt. Es stimuliert die Neubildung von Leberzellen und sch\u00fctzt die Leber vor Vergiftungen.<\/p>\n","protected":false},"featured_media":88202,"template":"","meta":{"_acf_changed":false},"product_brand":[],"product_cat":[801],"product_tag":[],"class_list":{"0":"post-88200","1":"product","2":"type-product","3":"status-publish","4":"has-post-thumbnail","6":"product_cat-a","7":"pa_packungsgroesse-120-stueck","9":"first","10":"instock","11":"shipping-taxable","12":"purchasable","13":"product-type-simple"},"acf":[],"_links":{"self":[{"href":"https:\/\/www.ernstbrunn-apotheke.at\/katalog\/wp-json\/wp\/v2\/product\/88200","targetHints":{"allow":["GET"]}}],"collection":[{"href":"https:\/\/www.ernstbrunn-apotheke.at\/katalog\/wp-json\/wp\/v2\/product"}],"about":[{"href":"https:\/\/www.ernstbrunn-apotheke.at\/katalog\/wp-json\/wp\/v2\/types\/product"}],"wp:featuredmedia":[{"embeddable":true,"href":"https:\/\/www.ernstbrunn-apotheke.at\/katalog\/wp-json\/wp\/v2\/media\/88202"}],"wp:attachment":[{"href":"https:\/\/www.ernstbrunn-apotheke.at\/katalog\/wp-json\/wp\/v2\/media?parent=88200"}],"wp:term":[{"taxonomy":"product_brand","embeddable":true,"href":"https:\/\/www.ernstbrunn-apotheke.at\/katalog\/wp-json\/wp\/v2\/product_brand?post=88200"},{"taxonomy":"product_cat","embeddable":true,"href":"https:\/\/www.ernstbrunn-apotheke.at\/katalog\/wp-json\/wp\/v2\/product_cat?post=88200"},{"taxonomy":"product_tag","embeddable":true,"href":"https:\/\/www.ernstbrunn-apotheke.at\/katalog\/wp-json\/wp\/v2\/product_tag?post=88200"}],"curies":[{"name":"wp","href":"https:\/\/api.w.org\/{rel}","templated":true}]}}