{"id":8819,"date":"2025-11-07T13:48:05","date_gmt":"2025-11-07T12:48:05","guid":{"rendered":"https:\/\/www.ernstbrunn-apotheke.at\/katalog\/produkt\/hylo-vision-hd-plus-augentropfen-doppelpack\/"},"modified":"2025-12-08T13:26:16","modified_gmt":"2025-12-08T12:26:16","slug":"hylo-vision-hd-plus-augentropfen-doppelpack","status":"publish","type":"product","link":"https:\/\/www.ernstbrunn-apotheke.at\/katalog\/produkt\/hylo-vision-hd-plus-augentropfen-doppelpack\/","title":{"rendered":"HYLO &#8211; VISION HD PLUS Augentropfen Doppelpack"},"content":{"rendered":"<p>Hylo-Vision HD plus Augentropfen sch\u00fctzen und befeuchten die Augenoberfl\u00e4che und machen sie gleitf\u00e4hig. Zur Linderung bei Trockenheitsgef\u00fchl und bei leichter, nicht als pathologisch einzustufender Reizung durch umgebungsbedingte Befi ndlichkeitsst\u00f6rungen des Auges wie z. B. Brennen, Erm\u00fcdung, langes Arbeiten vor dem Bildschirm oder Tragen von Kontaktlinsen. Unterst\u00fctzt als wohltuender Feuchtigkeitsspender die Zellregeneration. Geeignet f\u00fcr Kontaktlinsen jeden Typsjetzt &#8211; mit hohem Rabatt bestellen!<\/p>\n","protected":false},"excerpt":{"rendered":"<p>Hylo-Vision HD plus Augentropfen sch\u00fctzen und befeuchten die Augenoberfl\u00e4che und machen sie gleitf\u00e4hig. Zur Linderung bei Trockenheitsgef\u00fchl und bei leichter, nicht als pathologisch einzustufender Reizung durch umgebungsbedingte Befi ndlichkeitsst\u00f6rungen des Auges wie z. B. Brennen, Erm\u00fcdung, langes Arbeiten vor dem Bildschirm oder Tragen von Kontaktlinsen. Unterst\u00fctzt als wohltuender Feuchtigkeitsspender die Zellregeneration. Geeignet f\u00fcr Kontaktlinsen jeden [&hellip;]<\/p>\n","protected":false},"featured_media":8821,"template":"","meta":{"_acf_changed":false},"product_brand":[],"product_cat":[805],"product_tag":[],"class_list":{"0":"post-8819","1":"product","2":"type-product","3":"status-publish","4":"has-post-thumbnail","6":"product_cat-h","7":"pa_packungsgroesse-2-stueck","9":"first","10":"instock","11":"shipping-taxable","12":"purchasable","13":"product-type-simple"},"acf":[],"_links":{"self":[{"href":"https:\/\/www.ernstbrunn-apotheke.at\/katalog\/wp-json\/wp\/v2\/product\/8819","targetHints":{"allow":["GET"]}}],"collection":[{"href":"https:\/\/www.ernstbrunn-apotheke.at\/katalog\/wp-json\/wp\/v2\/product"}],"about":[{"href":"https:\/\/www.ernstbrunn-apotheke.at\/katalog\/wp-json\/wp\/v2\/types\/product"}],"wp:featuredmedia":[{"embeddable":true,"href":"https:\/\/www.ernstbrunn-apotheke.at\/katalog\/wp-json\/wp\/v2\/media\/8821"}],"wp:attachment":[{"href":"https:\/\/www.ernstbrunn-apotheke.at\/katalog\/wp-json\/wp\/v2\/media?parent=8819"}],"wp:term":[{"taxonomy":"product_brand","embeddable":true,"href":"https:\/\/www.ernstbrunn-apotheke.at\/katalog\/wp-json\/wp\/v2\/product_brand?post=8819"},{"taxonomy":"product_cat","embeddable":true,"href":"https:\/\/www.ernstbrunn-apotheke.at\/katalog\/wp-json\/wp\/v2\/product_cat?post=8819"},{"taxonomy":"product_tag","embeddable":true,"href":"https:\/\/www.ernstbrunn-apotheke.at\/katalog\/wp-json\/wp\/v2\/product_tag?post=8819"}],"curies":[{"name":"wp","href":"https:\/\/api.w.org\/{rel}","templated":true}]}}