{"id":88149,"date":"2025-11-12T06:45:52","date_gmt":"2025-11-12T05:45:52","guid":{"rendered":"https:\/\/www.ernstbrunn-apotheke.at\/katalog\/produkt\/retterspitz-hautstraffendes-tonikum-1-l\/"},"modified":"2025-12-08T20:08:14","modified_gmt":"2025-12-08T19:08:14","slug":"retterspitz-hautstraffendes-tonikum-1-l","status":"publish","type":"product","link":"https:\/\/www.ernstbrunn-apotheke.at\/katalog\/produkt\/retterspitz-hautstraffendes-tonikum-1-l\/","title":{"rendered":"Retterspitz Hautstraffendes Tonikum 1 L"},"content":{"rendered":"<p>Retterspitz Hautstraffendes Tonikum: Wundersch\u00f6ne und glatte Haut w\u00fcnschen sich fast alle. Tats\u00e4chlich aber leiden mehr als 80 Prozent aller Frauen unter Cellulite. Retterspitz Hautstraffungs-Tonic wendet man klassisch als Wickel oder als Nasse Str\u00fcmpfe an. Durch beide Anwendungsformen wird die Zellaktivit\u00e4t in der Haut gesteigert.<\/p>\n","protected":false},"excerpt":{"rendered":"<p>Retterspitz Hautstraffendes Tonikum: Wundersch\u00f6ne und glatte Haut w\u00fcnschen sich fast alle. Tats\u00e4chlich aber leiden mehr als 80 Prozent aller Frauen unter Cellulite. Retterspitz Hautstraffungs-Tonic wendet man klassisch als Wickel oder als Nasse Str\u00fcmpfe an. Durch beide Anwendungsformen wird die Zellaktivit\u00e4t in der Haut gesteigert.<\/p>\n","protected":false},"featured_media":0,"template":"","meta":{"_acf_changed":false},"product_brand":[],"product_cat":[808],"product_tag":[],"class_list":{"0":"post-88149","1":"product","2":"type-product","3":"status-publish","5":"product_cat-r","6":"pa_packungsgroesse-1l","8":"first","9":"instock","10":"shipping-taxable","11":"purchasable","12":"product-type-simple"},"acf":[],"_links":{"self":[{"href":"https:\/\/www.ernstbrunn-apotheke.at\/katalog\/wp-json\/wp\/v2\/product\/88149","targetHints":{"allow":["GET"]}}],"collection":[{"href":"https:\/\/www.ernstbrunn-apotheke.at\/katalog\/wp-json\/wp\/v2\/product"}],"about":[{"href":"https:\/\/www.ernstbrunn-apotheke.at\/katalog\/wp-json\/wp\/v2\/types\/product"}],"wp:attachment":[{"href":"https:\/\/www.ernstbrunn-apotheke.at\/katalog\/wp-json\/wp\/v2\/media?parent=88149"}],"wp:term":[{"taxonomy":"product_brand","embeddable":true,"href":"https:\/\/www.ernstbrunn-apotheke.at\/katalog\/wp-json\/wp\/v2\/product_brand?post=88149"},{"taxonomy":"product_cat","embeddable":true,"href":"https:\/\/www.ernstbrunn-apotheke.at\/katalog\/wp-json\/wp\/v2\/product_cat?post=88149"},{"taxonomy":"product_tag","embeddable":true,"href":"https:\/\/www.ernstbrunn-apotheke.at\/katalog\/wp-json\/wp\/v2\/product_tag?post=88149"}],"curies":[{"name":"wp","href":"https:\/\/api.w.org\/{rel}","templated":true}]}}