{"id":88142,"date":"2025-11-12T06:45:52","date_gmt":"2025-11-12T05:45:52","guid":{"rendered":"https:\/\/www.ernstbrunn-apotheke.at\/katalog\/produkt\/australische-buschbluetenessenz-boronia-15-ml\/"},"modified":"2025-12-08T20:08:11","modified_gmt":"2025-12-08T19:08:11","slug":"australische-buschbluetenessenz-boronia-15-ml","status":"publish","type":"product","link":"https:\/\/www.ernstbrunn-apotheke.at\/katalog\/produkt\/australische-buschbluetenessenz-boronia-15-ml\/","title":{"rendered":"Australische Buschbl\u00fctenessenz Boronia 15 ml"},"content":{"rendered":"<p>Australische Buschbl\u00fctenessenz Boronia ist zur L\u00f6sung von Zwangsvorstellungen bestimmt und f\u00fchrt zu Klarheit und Fokussierung von Gedanken, Begebenheiten, Dingen oder Ideen, die festgefahren sind. In der gro\u00dfartigen Kombination mit Bottlebrush wirkt die Buschbl\u00fcten Essenz Boronia unterst\u00fctzend um Gewohnheiten und Abh\u00e4ngigkeiten aufzubrechen und wenn man sich am Ende einer Beziehung nach dem Partner verzehrt.<\/p>\n","protected":false},"excerpt":{"rendered":"<p>Australische Buschbl\u00fctenessenz Boronia ist zur L\u00f6sung von Zwangsvorstellungen bestimmt und f\u00fchrt zu Klarheit und Fokussierung von Gedanken, Begebenheiten, Dingen oder Ideen, die festgefahren sind. In der gro\u00dfartigen Kombination mit Bottlebrush wirkt die Buschbl\u00fcten Essenz Boronia unterst\u00fctzend um Gewohnheiten und Abh\u00e4ngigkeiten aufzubrechen und wenn man sich am Ende einer Beziehung nach dem Partner verzehrt.<\/p>\n","protected":false},"featured_media":0,"template":"","meta":{"_acf_changed":false},"product_brand":[930],"product_cat":[801],"product_tag":[],"class_list":{"0":"post-88142","1":"product","2":"type-product","3":"status-publish","5":"product_brand-australische-buschblueten","6":"product_cat-a","7":"pa_packungsgroesse-15ml","9":"first","10":"instock","11":"shipping-taxable","12":"purchasable","13":"product-type-simple"},"acf":[],"_links":{"self":[{"href":"https:\/\/www.ernstbrunn-apotheke.at\/katalog\/wp-json\/wp\/v2\/product\/88142","targetHints":{"allow":["GET"]}}],"collection":[{"href":"https:\/\/www.ernstbrunn-apotheke.at\/katalog\/wp-json\/wp\/v2\/product"}],"about":[{"href":"https:\/\/www.ernstbrunn-apotheke.at\/katalog\/wp-json\/wp\/v2\/types\/product"}],"wp:attachment":[{"href":"https:\/\/www.ernstbrunn-apotheke.at\/katalog\/wp-json\/wp\/v2\/media?parent=88142"}],"wp:term":[{"taxonomy":"product_brand","embeddable":true,"href":"https:\/\/www.ernstbrunn-apotheke.at\/katalog\/wp-json\/wp\/v2\/product_brand?post=88142"},{"taxonomy":"product_cat","embeddable":true,"href":"https:\/\/www.ernstbrunn-apotheke.at\/katalog\/wp-json\/wp\/v2\/product_cat?post=88142"},{"taxonomy":"product_tag","embeddable":true,"href":"https:\/\/www.ernstbrunn-apotheke.at\/katalog\/wp-json\/wp\/v2\/product_tag?post=88142"}],"curies":[{"name":"wp","href":"https:\/\/api.w.org\/{rel}","templated":true}]}}