{"id":88100,"date":"2025-11-12T06:45:09","date_gmt":"2025-11-12T05:45:09","guid":{"rendered":"https:\/\/www.ernstbrunn-apotheke.at\/katalog\/produkt\/henna-plus-colour-mousse-75-ml-hazelnut\/"},"modified":"2025-12-08T20:07:57","modified_gmt":"2025-12-08T19:07:57","slug":"henna-plus-colour-mousse-75-ml-hazelnut","status":"publish","type":"product","link":"https:\/\/www.ernstbrunn-apotheke.at\/katalog\/produkt\/henna-plus-colour-mousse-75-ml-hazelnut\/","title":{"rendered":"Henna Plus Colour Mousse 75 ml Hazelnut"},"content":{"rendered":"<p>Henna Plus Colour Mousse ist ideal zur Auffrischung oder zum Beleben Ihrer nat\u00fcrlichen oder gef\u00e4rbten Haarfarbe mit gleichzeitiger Festigung. Die neue Haarfarbe bleibt l\u00e4nger frisch, gl\u00e4nzend und intensiv. Auch geeignet, um erste graue Haare oder den Haaransatz zu kaschieren.<\/p>\n","protected":false},"excerpt":{"rendered":"<p>Henna Plus Colour Mousse ist ideal zur Auffrischung oder zum Beleben Ihrer nat\u00fcrlichen oder gef\u00e4rbten Haarfarbe mit gleichzeitiger Festigung. Die neue Haarfarbe bleibt l\u00e4nger frisch, gl\u00e4nzend und intensiv. Auch geeignet, um erste graue Haare oder den Haaransatz zu kaschieren.<\/p>\n","protected":false},"featured_media":88102,"template":"","meta":{"_acf_changed":false},"product_brand":[],"product_cat":[805],"product_tag":[],"class_list":{"0":"post-88100","1":"product","2":"type-product","3":"status-publish","4":"has-post-thumbnail","6":"product_cat-h","7":"pa_packungsgroesse-75ml","9":"first","10":"instock","11":"shipping-taxable","12":"purchasable","13":"product-type-simple"},"acf":[],"_links":{"self":[{"href":"https:\/\/www.ernstbrunn-apotheke.at\/katalog\/wp-json\/wp\/v2\/product\/88100","targetHints":{"allow":["GET"]}}],"collection":[{"href":"https:\/\/www.ernstbrunn-apotheke.at\/katalog\/wp-json\/wp\/v2\/product"}],"about":[{"href":"https:\/\/www.ernstbrunn-apotheke.at\/katalog\/wp-json\/wp\/v2\/types\/product"}],"wp:featuredmedia":[{"embeddable":true,"href":"https:\/\/www.ernstbrunn-apotheke.at\/katalog\/wp-json\/wp\/v2\/media\/88102"}],"wp:attachment":[{"href":"https:\/\/www.ernstbrunn-apotheke.at\/katalog\/wp-json\/wp\/v2\/media?parent=88100"}],"wp:term":[{"taxonomy":"product_brand","embeddable":true,"href":"https:\/\/www.ernstbrunn-apotheke.at\/katalog\/wp-json\/wp\/v2\/product_brand?post=88100"},{"taxonomy":"product_cat","embeddable":true,"href":"https:\/\/www.ernstbrunn-apotheke.at\/katalog\/wp-json\/wp\/v2\/product_cat?post=88100"},{"taxonomy":"product_tag","embeddable":true,"href":"https:\/\/www.ernstbrunn-apotheke.at\/katalog\/wp-json\/wp\/v2\/product_tag?post=88100"}],"curies":[{"name":"wp","href":"https:\/\/api.w.org\/{rel}","templated":true}]}}