{"id":88094,"date":"2025-11-12T06:44:29","date_gmt":"2025-11-12T05:44:29","guid":{"rendered":"https:\/\/www.ernstbrunn-apotheke.at\/katalog\/produkt\/casida-fussbadesalz-repair-protect-bei-fuss-nagelpilz-375g\/"},"modified":"2025-12-08T20:07:54","modified_gmt":"2025-12-08T19:07:54","slug":"casida-fussbadesalz-repair-protect-bei-fuss-nagelpilz-375g","status":"publish","type":"product","link":"https:\/\/www.ernstbrunn-apotheke.at\/katalog\/produkt\/casida-fussbadesalz-repair-protect-bei-fuss-nagelpilz-375g\/","title":{"rendered":"Casida FUSSBADESALZ Repair &#038; Protect bei Fu\u00df &#8211; &#038; Nagelpilz &#8211; 375g"},"content":{"rendered":"<p>Casida Fu\u00dfbadesalz Repair &#038; Protect bietet Schutz, Pflege &#038; Hygiene bei Fu\u00dfpilz &#038; Nagelpilz, Hornhaut, Fu\u00dfgeruch. Macht Haut und N\u00e4gel geschmeidig und ein wohltuendes Hautgef\u00fchl<\/p>\n","protected":false},"excerpt":{"rendered":"<p>Casida Fu\u00dfbadesalz Repair &#038; Protect bietet Schutz, Pflege &#038; Hygiene bei Fu\u00dfpilz &#038; Nagelpilz, Hornhaut, Fu\u00dfgeruch. Macht Haut und N\u00e4gel geschmeidig und ein wohltuendes Hautgef\u00fchl<\/p>\n","protected":false},"featured_media":88096,"template":"","meta":{"_acf_changed":false},"product_brand":[],"product_cat":[812],"product_tag":[],"class_list":{"0":"post-88094","1":"product","2":"type-product","3":"status-publish","4":"has-post-thumbnail","6":"product_cat-c","7":"pa_packungsgroesse-375g","9":"first","10":"instock","11":"shipping-taxable","12":"purchasable","13":"product-type-simple"},"acf":[],"_links":{"self":[{"href":"https:\/\/www.ernstbrunn-apotheke.at\/katalog\/wp-json\/wp\/v2\/product\/88094","targetHints":{"allow":["GET"]}}],"collection":[{"href":"https:\/\/www.ernstbrunn-apotheke.at\/katalog\/wp-json\/wp\/v2\/product"}],"about":[{"href":"https:\/\/www.ernstbrunn-apotheke.at\/katalog\/wp-json\/wp\/v2\/types\/product"}],"wp:featuredmedia":[{"embeddable":true,"href":"https:\/\/www.ernstbrunn-apotheke.at\/katalog\/wp-json\/wp\/v2\/media\/88096"}],"wp:attachment":[{"href":"https:\/\/www.ernstbrunn-apotheke.at\/katalog\/wp-json\/wp\/v2\/media?parent=88094"}],"wp:term":[{"taxonomy":"product_brand","embeddable":true,"href":"https:\/\/www.ernstbrunn-apotheke.at\/katalog\/wp-json\/wp\/v2\/product_brand?post=88094"},{"taxonomy":"product_cat","embeddable":true,"href":"https:\/\/www.ernstbrunn-apotheke.at\/katalog\/wp-json\/wp\/v2\/product_cat?post=88094"},{"taxonomy":"product_tag","embeddable":true,"href":"https:\/\/www.ernstbrunn-apotheke.at\/katalog\/wp-json\/wp\/v2\/product_tag?post=88094"}],"curies":[{"name":"wp","href":"https:\/\/api.w.org\/{rel}","templated":true}]}}