{"id":88073,"date":"2025-11-12T06:44:29","date_gmt":"2025-11-12T05:44:29","guid":{"rendered":"https:\/\/www.ernstbrunn-apotheke.at\/katalog\/produkt\/bachbluete-01-agrimony\/"},"modified":"2025-12-08T20:07:47","modified_gmt":"2025-12-08T19:07:47","slug":"bachbluete-01-agrimony","status":"publish","type":"product","link":"https:\/\/www.ernstbrunn-apotheke.at\/katalog\/produkt\/bachbluete-01-agrimony\/","title":{"rendered":"Bachbl\u00fcte 01 Agrimony"},"content":{"rendered":"<p>Gall Pharma Bachbl\u00fcten 1 Agrimony basiert auf der Idee, dass die gebundene Energie von Bl\u00fcten eine regulierende Wirkung auf psychische Zust\u00e4nde des Menschen hat. Durch diese psychische Wirkung k\u00f6nnen h\u00e4ufig auch k\u00f6rperliche Symptome gebessert werden.<\/p>\n","protected":false},"excerpt":{"rendered":"<p>Gall Pharma Bachbl\u00fcten 1 Agrimony basiert auf der Idee, dass die gebundene Energie von Bl\u00fcten eine regulierende Wirkung auf psychische Zust\u00e4nde des Menschen hat. Durch diese psychische Wirkung k\u00f6nnen h\u00e4ufig auch k\u00f6rperliche Symptome gebessert werden.<\/p>\n","protected":false},"featured_media":88075,"template":"","meta":{"_acf_changed":false},"product_brand":[371],"product_cat":[802],"product_tag":[],"class_list":{"0":"post-88073","1":"product","2":"type-product","3":"status-publish","4":"has-post-thumbnail","6":"product_brand-gall-pharma","7":"product_cat-b","8":"pa_packungsgroesse-20ml","10":"first","11":"instock","12":"shipping-taxable","13":"purchasable","14":"product-type-simple"},"acf":[],"_links":{"self":[{"href":"https:\/\/www.ernstbrunn-apotheke.at\/katalog\/wp-json\/wp\/v2\/product\/88073","targetHints":{"allow":["GET"]}}],"collection":[{"href":"https:\/\/www.ernstbrunn-apotheke.at\/katalog\/wp-json\/wp\/v2\/product"}],"about":[{"href":"https:\/\/www.ernstbrunn-apotheke.at\/katalog\/wp-json\/wp\/v2\/types\/product"}],"wp:featuredmedia":[{"embeddable":true,"href":"https:\/\/www.ernstbrunn-apotheke.at\/katalog\/wp-json\/wp\/v2\/media\/88075"}],"wp:attachment":[{"href":"https:\/\/www.ernstbrunn-apotheke.at\/katalog\/wp-json\/wp\/v2\/media?parent=88073"}],"wp:term":[{"taxonomy":"product_brand","embeddable":true,"href":"https:\/\/www.ernstbrunn-apotheke.at\/katalog\/wp-json\/wp\/v2\/product_brand?post=88073"},{"taxonomy":"product_cat","embeddable":true,"href":"https:\/\/www.ernstbrunn-apotheke.at\/katalog\/wp-json\/wp\/v2\/product_cat?post=88073"},{"taxonomy":"product_tag","embeddable":true,"href":"https:\/\/www.ernstbrunn-apotheke.at\/katalog\/wp-json\/wp\/v2\/product_tag?post=88073"}],"curies":[{"name":"wp","href":"https:\/\/api.w.org\/{rel}","templated":true}]}}