{"id":88060,"date":"2025-11-12T06:44:13","date_gmt":"2025-11-12T05:44:13","guid":{"rendered":"https:\/\/www.ernstbrunn-apotheke.at\/katalog\/produkt\/multinova-hericium-kapseln-240-stk-bio\/"},"modified":"2025-12-08T20:07:39","modified_gmt":"2025-12-08T19:07:39","slug":"multinova-hericium-kapseln-240-stk-bio","status":"publish","type":"product","link":"https:\/\/www.ernstbrunn-apotheke.at\/katalog\/produkt\/multinova-hericium-kapseln-240-stk-bio\/","title":{"rendered":"Multinova Hericium Kapseln 240 Stk. BIO"},"content":{"rendered":"<p>Multinova Hericium Kapseln werden gerne bei Magenproblemen und Antriebslosigkeit eingesetzt. Sie st\u00e4rken zudem den ganzen K\u00f6rper und sorgen f\u00fcr ein angenehmes K\u00f6rpergef\u00fchl. Das Produkt enth\u00e4lt teilweise biologische Inhaltsstoffe.<\/p>\n","protected":false},"excerpt":{"rendered":"<p>Multinova Hericium Kapseln werden gerne bei Magenproblemen und Antriebslosigkeit eingesetzt. Sie st\u00e4rken zudem den ganzen K\u00f6rper und sorgen f\u00fcr ein angenehmes K\u00f6rpergef\u00fchl. Das Produkt enth\u00e4lt teilweise biologische Inhaltsstoffe.<\/p>\n","protected":false},"featured_media":0,"template":"","meta":{"_acf_changed":false},"product_brand":[],"product_cat":[800],"product_tag":[],"class_list":{"0":"post-88060","1":"product","2":"type-product","3":"status-publish","5":"product_cat-m","6":"pa_packungsgroesse-240-stueck","8":"first","9":"instock","10":"shipping-taxable","11":"purchasable","12":"product-type-simple"},"acf":[],"_links":{"self":[{"href":"https:\/\/www.ernstbrunn-apotheke.at\/katalog\/wp-json\/wp\/v2\/product\/88060","targetHints":{"allow":["GET"]}}],"collection":[{"href":"https:\/\/www.ernstbrunn-apotheke.at\/katalog\/wp-json\/wp\/v2\/product"}],"about":[{"href":"https:\/\/www.ernstbrunn-apotheke.at\/katalog\/wp-json\/wp\/v2\/types\/product"}],"wp:attachment":[{"href":"https:\/\/www.ernstbrunn-apotheke.at\/katalog\/wp-json\/wp\/v2\/media?parent=88060"}],"wp:term":[{"taxonomy":"product_brand","embeddable":true,"href":"https:\/\/www.ernstbrunn-apotheke.at\/katalog\/wp-json\/wp\/v2\/product_brand?post=88060"},{"taxonomy":"product_cat","embeddable":true,"href":"https:\/\/www.ernstbrunn-apotheke.at\/katalog\/wp-json\/wp\/v2\/product_cat?post=88060"},{"taxonomy":"product_tag","embeddable":true,"href":"https:\/\/www.ernstbrunn-apotheke.at\/katalog\/wp-json\/wp\/v2\/product_tag?post=88060"}],"curies":[{"name":"wp","href":"https:\/\/api.w.org\/{rel}","templated":true}]}}