{"id":88056,"date":"2025-11-12T06:44:13","date_gmt":"2025-11-12T05:44:13","guid":{"rendered":"https:\/\/www.ernstbrunn-apotheke.at\/katalog\/produkt\/ohrkerze-algavital-2-stk\/"},"modified":"2025-12-08T20:07:36","modified_gmt":"2025-12-08T19:07:36","slug":"ohrkerze-algavital-2-stk","status":"publish","type":"product","link":"https:\/\/www.ernstbrunn-apotheke.at\/katalog\/produkt\/ohrkerze-algavital-2-stk\/","title":{"rendered":"Ohrkerze Algavital 2 Stk."},"content":{"rendered":"<p>Ohrkerze Algavital f\u00fcr die Ohrenhygiene ist die Wiederentdeckung einer alten Volks\u00fcberlieferung f\u00fcr die Pflege und Gesundheitsvorsorge des Ohrs. Aus Naturgewebe und Wachs hergestellt, unterst\u00fctzt unsere kegelf\u00f6rmige Ohrkerze die Entfernung von \u00fcberm\u00e4\u00dfigem Ohrenschmalz und kann den Ohrendruck wieder ins Gleichgewicht bringen, wodurch das unangenehme Gef\u00fchl von &#8222;Druck auf den Ohren&#8220; vermindert werden kann.<\/p>\n","protected":false},"excerpt":{"rendered":"<p>Ohrkerze Algavital f\u00fcr die Ohrenhygiene ist die Wiederentdeckung einer alten Volks\u00fcberlieferung f\u00fcr die Pflege und Gesundheitsvorsorge des Ohrs. Aus Naturgewebe und Wachs hergestellt, unterst\u00fctzt unsere kegelf\u00f6rmige Ohrkerze die Entfernung von \u00fcberm\u00e4\u00dfigem Ohrenschmalz und kann den Ohrendruck wieder ins Gleichgewicht bringen, wodurch das unangenehme Gef\u00fchl von &#8222;Druck auf den Ohren&#8220; vermindert werden kann.<\/p>\n","protected":false},"featured_media":0,"template":"","meta":{"_acf_changed":false},"product_brand":[],"product_cat":[819],"product_tag":[],"class_list":{"0":"post-88056","1":"product","2":"type-product","3":"status-publish","5":"product_cat-o","6":"pa_packungsgroesse-2-stueck","8":"first","9":"instock","10":"shipping-taxable","11":"purchasable","12":"product-type-simple"},"acf":[],"_links":{"self":[{"href":"https:\/\/www.ernstbrunn-apotheke.at\/katalog\/wp-json\/wp\/v2\/product\/88056","targetHints":{"allow":["GET"]}}],"collection":[{"href":"https:\/\/www.ernstbrunn-apotheke.at\/katalog\/wp-json\/wp\/v2\/product"}],"about":[{"href":"https:\/\/www.ernstbrunn-apotheke.at\/katalog\/wp-json\/wp\/v2\/types\/product"}],"wp:attachment":[{"href":"https:\/\/www.ernstbrunn-apotheke.at\/katalog\/wp-json\/wp\/v2\/media?parent=88056"}],"wp:term":[{"taxonomy":"product_brand","embeddable":true,"href":"https:\/\/www.ernstbrunn-apotheke.at\/katalog\/wp-json\/wp\/v2\/product_brand?post=88056"},{"taxonomy":"product_cat","embeddable":true,"href":"https:\/\/www.ernstbrunn-apotheke.at\/katalog\/wp-json\/wp\/v2\/product_cat?post=88056"},{"taxonomy":"product_tag","embeddable":true,"href":"https:\/\/www.ernstbrunn-apotheke.at\/katalog\/wp-json\/wp\/v2\/product_tag?post=88056"}],"curies":[{"name":"wp","href":"https:\/\/api.w.org\/{rel}","templated":true}]}}