{"id":87834,"date":"2025-11-12T06:40:18","date_gmt":"2025-11-12T05:40:18","guid":{"rendered":"https:\/\/www.ernstbrunn-apotheke.at\/katalog\/produkt\/casida-magnesium-creme-lotion-mit-zechstein-magnesium-200ml\/"},"modified":"2025-12-08T20:05:44","modified_gmt":"2025-12-08T19:05:44","slug":"casida-magnesium-creme-lotion-mit-zechstein-magnesium-200ml","status":"publish","type":"product","link":"https:\/\/www.ernstbrunn-apotheke.at\/katalog\/produkt\/casida-magnesium-creme-lotion-mit-zechstein-magnesium-200ml\/","title":{"rendered":"Casida MAGNESIUM CREME Lotion mit Zechstein Magnesium &#8211; 200ml"},"content":{"rendered":"<p class=\"MsoNormal\">Magnesium Creme mit originalen Zechstein Magnesium<\/p>\n<p>Die Magnesium Creme Lotion verbindet dieVorteile von Zechstein Magnesiumchlorid mit einer effektiven Pflege der Haut.Zus\u00e4tzlich enthaltene reichhaltige Sheabutter, antioxidatives Vitamin E \u00d6l undpflegendes Kokos\u00f6l machen die Haut sp\u00fcrbar geschmeidiger, spenden Feuchtigkeitund sorgen f\u00fcr ein angenehmes Hautgef\u00fchl. Die entspannende, leichte Cremeeignet sich hervorragend zur t\u00e4glichen Pflege.<\/p>\n","protected":false},"excerpt":{"rendered":"<p>Magnesium Creme mit originalen Zechstein Magnesium Die Magnesium Creme Lotion verbindet dieVorteile von Zechstein Magnesiumchlorid mit einer effektiven Pflege der Haut.Zus\u00e4tzlich enthaltene reichhaltige Sheabutter, antioxidatives Vitamin E \u00d6l undpflegendes Kokos\u00f6l machen die Haut sp\u00fcrbar geschmeidiger, spenden Feuchtigkeitund sorgen f\u00fcr ein angenehmes Hautgef\u00fchl. Die entspannende, leichte Cremeeignet sich hervorragend zur t\u00e4glichen Pflege.<\/p>\n","protected":false},"featured_media":87836,"template":"","meta":{"_acf_changed":false},"product_brand":[],"product_cat":[812],"product_tag":[],"class_list":{"0":"post-87834","1":"product","2":"type-product","3":"status-publish","4":"has-post-thumbnail","6":"product_cat-c","7":"pa_packungsgroesse-200ml","9":"first","10":"instock","11":"shipping-taxable","12":"purchasable","13":"product-type-simple"},"acf":[],"_links":{"self":[{"href":"https:\/\/www.ernstbrunn-apotheke.at\/katalog\/wp-json\/wp\/v2\/product\/87834","targetHints":{"allow":["GET"]}}],"collection":[{"href":"https:\/\/www.ernstbrunn-apotheke.at\/katalog\/wp-json\/wp\/v2\/product"}],"about":[{"href":"https:\/\/www.ernstbrunn-apotheke.at\/katalog\/wp-json\/wp\/v2\/types\/product"}],"wp:featuredmedia":[{"embeddable":true,"href":"https:\/\/www.ernstbrunn-apotheke.at\/katalog\/wp-json\/wp\/v2\/media\/87836"}],"wp:attachment":[{"href":"https:\/\/www.ernstbrunn-apotheke.at\/katalog\/wp-json\/wp\/v2\/media?parent=87834"}],"wp:term":[{"taxonomy":"product_brand","embeddable":true,"href":"https:\/\/www.ernstbrunn-apotheke.at\/katalog\/wp-json\/wp\/v2\/product_brand?post=87834"},{"taxonomy":"product_cat","embeddable":true,"href":"https:\/\/www.ernstbrunn-apotheke.at\/katalog\/wp-json\/wp\/v2\/product_cat?post=87834"},{"taxonomy":"product_tag","embeddable":true,"href":"https:\/\/www.ernstbrunn-apotheke.at\/katalog\/wp-json\/wp\/v2\/product_tag?post=87834"}],"curies":[{"name":"wp","href":"https:\/\/api.w.org\/{rel}","templated":true}]}}