{"id":87812,"date":"2025-11-12T06:40:18","date_gmt":"2025-11-12T05:40:18","guid":{"rendered":"https:\/\/www.ernstbrunn-apotheke.at\/katalog\/produkt\/varihesive-e-wundverband-3-stk-20-x-20-cm\/"},"modified":"2025-12-08T20:05:35","modified_gmt":"2025-12-08T19:05:35","slug":"varihesive-e-wundverband-3-stk-20-x-20-cm","status":"publish","type":"product","link":"https:\/\/www.ernstbrunn-apotheke.at\/katalog\/produkt\/varihesive-e-wundverband-3-stk-20-x-20-cm\/","title":{"rendered":"Varihesive E Wundverband  3 Stk. 20 x 20 cm"},"content":{"rendered":"<p>Varihesive E Wundverband ist ein Hydrokolloidverband. Er besteht innen aus einer Hydrokolloidschicht, die in eine adh\u00e4sive Polymermatrix eingelagert ist, und au\u00dfen aus einem filmbeschichteten Polyurethanschaum. Der Verband bildet zusammen mit dem Wundsekret ein feuchtes Milieu, das den Heilungsprozess beg\u00fcnstigt. Dieses Produkt erhalten Sie in den Gr\u00f6\u00dfen 10 x 10 cm (10 St\u00fcck), 15 x 15 cm (5 St\u00fcck), 20 x 20 cm (3 St\u00fcck) und 20 x 30 cm (3 St\u00fcck).<\/p>\n","protected":false},"excerpt":{"rendered":"<p>Varihesive E Wundverband ist ein Hydrokolloidverband. Er besteht innen aus einer Hydrokolloidschicht, die in eine adh\u00e4sive Polymermatrix eingelagert ist, und au\u00dfen aus einem filmbeschichteten Polyurethanschaum. Der Verband bildet zusammen mit dem Wundsekret ein feuchtes Milieu, das den Heilungsprozess beg\u00fcnstigt. Dieses Produkt erhalten Sie in den Gr\u00f6\u00dfen 10 x 10 cm (10 St\u00fcck), 15 x 15 [&hellip;]<\/p>\n","protected":false},"featured_media":0,"template":"","meta":{"_acf_changed":false},"product_brand":[],"product_cat":[799],"product_tag":[],"class_list":{"0":"post-87812","1":"product","2":"type-product","3":"status-publish","5":"product_cat-v","6":"pa_packungsgroesse-3-stueck","8":"first","9":"instock","10":"shipping-taxable","11":"purchasable","12":"product-type-simple"},"acf":[],"_links":{"self":[{"href":"https:\/\/www.ernstbrunn-apotheke.at\/katalog\/wp-json\/wp\/v2\/product\/87812","targetHints":{"allow":["GET"]}}],"collection":[{"href":"https:\/\/www.ernstbrunn-apotheke.at\/katalog\/wp-json\/wp\/v2\/product"}],"about":[{"href":"https:\/\/www.ernstbrunn-apotheke.at\/katalog\/wp-json\/wp\/v2\/types\/product"}],"wp:attachment":[{"href":"https:\/\/www.ernstbrunn-apotheke.at\/katalog\/wp-json\/wp\/v2\/media?parent=87812"}],"wp:term":[{"taxonomy":"product_brand","embeddable":true,"href":"https:\/\/www.ernstbrunn-apotheke.at\/katalog\/wp-json\/wp\/v2\/product_brand?post=87812"},{"taxonomy":"product_cat","embeddable":true,"href":"https:\/\/www.ernstbrunn-apotheke.at\/katalog\/wp-json\/wp\/v2\/product_cat?post=87812"},{"taxonomy":"product_tag","embeddable":true,"href":"https:\/\/www.ernstbrunn-apotheke.at\/katalog\/wp-json\/wp\/v2\/product_tag?post=87812"}],"curies":[{"name":"wp","href":"https:\/\/api.w.org\/{rel}","templated":true}]}}