{"id":87793,"date":"2025-11-12T06:40:02","date_gmt":"2025-11-12T05:40:02","guid":{"rendered":"https:\/\/www.ernstbrunn-apotheke.at\/katalog\/produkt\/elmex-zahnspuelung-kariesschutz-100-ml\/"},"modified":"2025-12-08T20:05:23","modified_gmt":"2025-12-08T19:05:23","slug":"elmex-zahnspuelung-kariesschutz-100-ml","status":"publish","type":"product","link":"https:\/\/www.ernstbrunn-apotheke.at\/katalog\/produkt\/elmex-zahnspuelung-kariesschutz-100-ml\/","title":{"rendered":"Elmex Zahnsp\u00fclung Kariesschutz 100 ml"},"content":{"rendered":"<p>Elmex Zahnsp\u00fclung Kariesschutz enth\u00e4lt das einzigartige, hochwirksame Aminfluorid, das sich innerhalb k\u00fcrzester Zeit mit dem Zahnschmelz verbindet. Es h\u00e4rtet ihn und macht ihn widerstandsf\u00e4higer gegen S\u00e4ureangriffe. So bietet diese Zahnsp\u00fclung in Erg\u00e4nzung zum t\u00e4glichen Z\u00e4hneputzen wirksamen Schutz vor Karies, speziell dort, wo die Zahnb\u00fcrste nur schwer hinkommt.<\/p>\n","protected":false},"excerpt":{"rendered":"<p>Elmex Zahnsp\u00fclung Kariesschutz enth\u00e4lt das einzigartige, hochwirksame Aminfluorid, das sich innerhalb k\u00fcrzester Zeit mit dem Zahnschmelz verbindet. Es h\u00e4rtet ihn und macht ihn widerstandsf\u00e4higer gegen S\u00e4ureangriffe. So bietet diese Zahnsp\u00fclung in Erg\u00e4nzung zum t\u00e4glichen Z\u00e4hneputzen wirksamen Schutz vor Karies, speziell dort, wo die Zahnb\u00fcrste nur schwer hinkommt.<\/p>\n","protected":false},"featured_media":87795,"template":"","meta":{"_acf_changed":false},"product_brand":[313],"product_cat":[794],"product_tag":[],"class_list":{"0":"post-87793","1":"product","2":"type-product","3":"status-publish","4":"has-post-thumbnail","6":"product_brand-elmex","7":"product_cat-e","8":"pa_packungsgroesse-100ml","10":"first","11":"instock","12":"shipping-taxable","13":"purchasable","14":"product-type-simple"},"acf":[],"_links":{"self":[{"href":"https:\/\/www.ernstbrunn-apotheke.at\/katalog\/wp-json\/wp\/v2\/product\/87793","targetHints":{"allow":["GET"]}}],"collection":[{"href":"https:\/\/www.ernstbrunn-apotheke.at\/katalog\/wp-json\/wp\/v2\/product"}],"about":[{"href":"https:\/\/www.ernstbrunn-apotheke.at\/katalog\/wp-json\/wp\/v2\/types\/product"}],"wp:featuredmedia":[{"embeddable":true,"href":"https:\/\/www.ernstbrunn-apotheke.at\/katalog\/wp-json\/wp\/v2\/media\/87795"}],"wp:attachment":[{"href":"https:\/\/www.ernstbrunn-apotheke.at\/katalog\/wp-json\/wp\/v2\/media?parent=87793"}],"wp:term":[{"taxonomy":"product_brand","embeddable":true,"href":"https:\/\/www.ernstbrunn-apotheke.at\/katalog\/wp-json\/wp\/v2\/product_brand?post=87793"},{"taxonomy":"product_cat","embeddable":true,"href":"https:\/\/www.ernstbrunn-apotheke.at\/katalog\/wp-json\/wp\/v2\/product_cat?post=87793"},{"taxonomy":"product_tag","embeddable":true,"href":"https:\/\/www.ernstbrunn-apotheke.at\/katalog\/wp-json\/wp\/v2\/product_tag?post=87793"}],"curies":[{"name":"wp","href":"https:\/\/api.w.org\/{rel}","templated":true}]}}