{"id":8779,"date":"2025-11-07T13:48:05","date_gmt":"2025-11-07T12:48:05","guid":{"rendered":"https:\/\/www.ernstbrunn-apotheke.at\/katalog\/produkt\/ocuvite-lutein-plus-kapseln-60-stk\/"},"modified":"2025-12-08T13:26:13","modified_gmt":"2025-12-08T12:26:13","slug":"ocuvite-lutein-plus-kapseln-60-stk","status":"publish","type":"product","link":"https:\/\/www.ernstbrunn-apotheke.at\/katalog\/produkt\/ocuvite-lutein-plus-kapseln-60-stk\/","title":{"rendered":"Ocuvite Lutein Plus Kapseln 60 Stk."},"content":{"rendered":"<p>Ocuvite\u00ae Lutein Plus ist ein Nahrungserg\u00e4nzungsmittel f\u00fcr Ihre Augengesundheit. Denn es enth\u00e4lt eine Kombination aus vielen wertvollen Mikron\u00e4hrstoffen und Vitaminen f\u00fcr Ihr wichtigstes Sinnesorgan.<\/p>\n","protected":false},"excerpt":{"rendered":"<p>Ocuvite\u00ae Lutein Plus ist ein Nahrungserg\u00e4nzungsmittel f\u00fcr Ihre Augengesundheit. Denn es enth\u00e4lt eine Kombination aus vielen wertvollen Mikron\u00e4hrstoffen und Vitaminen f\u00fcr Ihr wichtigstes Sinnesorgan.<\/p>\n","protected":false},"featured_media":8781,"template":"","meta":{"_acf_changed":false},"product_brand":[],"product_cat":[819],"product_tag":[],"class_list":{"0":"post-8779","1":"product","2":"type-product","3":"status-publish","4":"has-post-thumbnail","6":"product_cat-o","7":"pa_packungsgroesse-180-stueck","8":"pa_packungsgroesse-60-stueck","10":"first","11":"instock","12":"shipping-taxable","13":"purchasable","14":"product-type-simple"},"acf":[],"_links":{"self":[{"href":"https:\/\/www.ernstbrunn-apotheke.at\/katalog\/wp-json\/wp\/v2\/product\/8779","targetHints":{"allow":["GET"]}}],"collection":[{"href":"https:\/\/www.ernstbrunn-apotheke.at\/katalog\/wp-json\/wp\/v2\/product"}],"about":[{"href":"https:\/\/www.ernstbrunn-apotheke.at\/katalog\/wp-json\/wp\/v2\/types\/product"}],"wp:featuredmedia":[{"embeddable":true,"href":"https:\/\/www.ernstbrunn-apotheke.at\/katalog\/wp-json\/wp\/v2\/media\/8781"}],"wp:attachment":[{"href":"https:\/\/www.ernstbrunn-apotheke.at\/katalog\/wp-json\/wp\/v2\/media?parent=8779"}],"wp:term":[{"taxonomy":"product_brand","embeddable":true,"href":"https:\/\/www.ernstbrunn-apotheke.at\/katalog\/wp-json\/wp\/v2\/product_brand?post=8779"},{"taxonomy":"product_cat","embeddable":true,"href":"https:\/\/www.ernstbrunn-apotheke.at\/katalog\/wp-json\/wp\/v2\/product_cat?post=8779"},{"taxonomy":"product_tag","embeddable":true,"href":"https:\/\/www.ernstbrunn-apotheke.at\/katalog\/wp-json\/wp\/v2\/product_tag?post=8779"}],"curies":[{"name":"wp","href":"https:\/\/api.w.org\/{rel}","templated":true}]}}