{"id":87698,"date":"2025-11-12T06:38:17","date_gmt":"2025-11-12T05:38:17","guid":{"rendered":"https:\/\/www.ernstbrunn-apotheke.at\/katalog\/produkt\/life-light-amino-kollagen-10-x-25-ml-trinkampullen-10-stk\/"},"modified":"2025-12-08T20:04:29","modified_gmt":"2025-12-08T19:04:29","slug":"life-light-amino-kollagen-10-x-25-ml-trinkampullen-10-stk","status":"publish","type":"product","link":"https:\/\/www.ernstbrunn-apotheke.at\/katalog\/produkt\/life-light-amino-kollagen-10-x-25-ml-trinkampullen-10-stk\/","title":{"rendered":"Life Light Amino Kollagen 10 x 25 ml Trinkampullen 10 Stk."},"content":{"rendered":"<p>Life Light Amino + L-Carnithin Ampullen enthalten hochwertige, hydrolysierte Aminos\u00e4uren in praktischen Trinkampullen, die aufgrund ihrer Zusammensetzung besonders f\u00fcr k\u00f6rperlich und geistig belastete Personen sowie auch Sportler bestens geeignet sind. Das enthaltene Vitamin B6 tr\u00e4gt zur Verringerung von M\u00fcdigkeit und Erm\u00fcdung sowie zu einer normalen Funktion von Psyche und Nervensystem bei.<\/p>\n","protected":false},"excerpt":{"rendered":"<p>Life Light Amino + L-Carnithin Ampullen enthalten hochwertige, hydrolysierte Aminos\u00e4uren in praktischen Trinkampullen, die aufgrund ihrer Zusammensetzung besonders f\u00fcr k\u00f6rperlich und geistig belastete Personen sowie auch Sportler bestens geeignet sind. Das enthaltene Vitamin B6 tr\u00e4gt zur Verringerung von M\u00fcdigkeit und Erm\u00fcdung sowie zu einer normalen Funktion von Psyche und Nervensystem bei.<\/p>\n","protected":false},"featured_media":87700,"template":"","meta":{"_acf_changed":false},"product_brand":[],"product_cat":[795],"product_tag":[],"class_list":{"0":"post-87698","1":"product","2":"type-product","3":"status-publish","4":"has-post-thumbnail","6":"product_cat-l","7":"pa_packungsgroesse-10-stueck","9":"first","10":"instock","11":"shipping-taxable","12":"purchasable","13":"product-type-simple"},"acf":[],"_links":{"self":[{"href":"https:\/\/www.ernstbrunn-apotheke.at\/katalog\/wp-json\/wp\/v2\/product\/87698","targetHints":{"allow":["GET"]}}],"collection":[{"href":"https:\/\/www.ernstbrunn-apotheke.at\/katalog\/wp-json\/wp\/v2\/product"}],"about":[{"href":"https:\/\/www.ernstbrunn-apotheke.at\/katalog\/wp-json\/wp\/v2\/types\/product"}],"wp:featuredmedia":[{"embeddable":true,"href":"https:\/\/www.ernstbrunn-apotheke.at\/katalog\/wp-json\/wp\/v2\/media\/87700"}],"wp:attachment":[{"href":"https:\/\/www.ernstbrunn-apotheke.at\/katalog\/wp-json\/wp\/v2\/media?parent=87698"}],"wp:term":[{"taxonomy":"product_brand","embeddable":true,"href":"https:\/\/www.ernstbrunn-apotheke.at\/katalog\/wp-json\/wp\/v2\/product_brand?post=87698"},{"taxonomy":"product_cat","embeddable":true,"href":"https:\/\/www.ernstbrunn-apotheke.at\/katalog\/wp-json\/wp\/v2\/product_cat?post=87698"},{"taxonomy":"product_tag","embeddable":true,"href":"https:\/\/www.ernstbrunn-apotheke.at\/katalog\/wp-json\/wp\/v2\/product_tag?post=87698"}],"curies":[{"name":"wp","href":"https:\/\/api.w.org\/{rel}","templated":true}]}}