{"id":87688,"date":"2025-11-12T06:38:17","date_gmt":"2025-11-12T05:38:17","guid":{"rendered":"https:\/\/www.ernstbrunn-apotheke.at\/katalog\/produkt\/adler-pharma-schuessler-nr-27-kalium-bichronicum-1-kg-d-12\/"},"modified":"2025-12-08T20:04:25","modified_gmt":"2025-12-08T19:04:25","slug":"adler-pharma-schuessler-nr-27-kalium-bichronicum-1-kg-d-12","status":"publish","type":"product","link":"https:\/\/www.ernstbrunn-apotheke.at\/katalog\/produkt\/adler-pharma-schuessler-nr-27-kalium-bichronicum-1-kg-d-12\/","title":{"rendered":"Adler Pharma Sch\u00fc\u00dfler Nr. 27 Kalium Bichronicum 1 kg D 12"},"content":{"rendered":"<p>Sch\u00fc\u00dfler Nr. 27 Kalium Bichronicum ist ein Erg\u00e4nzungssalz, das auf die Cholesterin-Produktion selbst wirkt und somit bei erh\u00f6hten Cholesterin-Spiegel Werten angewendet werden kann. Des Weiteren wird auch der Fettstoffwechsel von dem Erg\u00e4nzugnssalz reguliert. Es regt den K\u00f6rper dazu an, \u00fcbersch\u00fcssiges K\u00f6rperfett in Muskeln umzuwandeln. Dies funktioniert allerdings nur unter regelm\u00e4\u00dfiger sportlicher Bet\u00e4tigung.<\/p>\n","protected":false},"excerpt":{"rendered":"<p>Sch\u00fc\u00dfler Nr. 27 Kalium Bichronicum ist ein Erg\u00e4nzungssalz, das auf die Cholesterin-Produktion selbst wirkt und somit bei erh\u00f6hten Cholesterin-Spiegel Werten angewendet werden kann. Des Weiteren wird auch der Fettstoffwechsel von dem Erg\u00e4nzugnssalz reguliert. Es regt den K\u00f6rper dazu an, \u00fcbersch\u00fcssiges K\u00f6rperfett in Muskeln umzuwandeln. Dies funktioniert allerdings nur unter regelm\u00e4\u00dfiger sportlicher Bet\u00e4tigung.<\/p>\n","protected":false},"featured_media":87690,"template":"","meta":{"_acf_changed":false},"product_brand":[928],"product_cat":[801],"product_tag":[],"class_list":{"0":"post-87688","1":"product","2":"type-product","3":"status-publish","4":"has-post-thumbnail","6":"product_brand-adler-pharma","7":"product_cat-a","8":"pa_packungsgroesse-1000g","10":"first","11":"instock","12":"shipping-taxable","13":"purchasable","14":"product-type-simple"},"acf":[],"_links":{"self":[{"href":"https:\/\/www.ernstbrunn-apotheke.at\/katalog\/wp-json\/wp\/v2\/product\/87688","targetHints":{"allow":["GET"]}}],"collection":[{"href":"https:\/\/www.ernstbrunn-apotheke.at\/katalog\/wp-json\/wp\/v2\/product"}],"about":[{"href":"https:\/\/www.ernstbrunn-apotheke.at\/katalog\/wp-json\/wp\/v2\/types\/product"}],"wp:featuredmedia":[{"embeddable":true,"href":"https:\/\/www.ernstbrunn-apotheke.at\/katalog\/wp-json\/wp\/v2\/media\/87690"}],"wp:attachment":[{"href":"https:\/\/www.ernstbrunn-apotheke.at\/katalog\/wp-json\/wp\/v2\/media?parent=87688"}],"wp:term":[{"taxonomy":"product_brand","embeddable":true,"href":"https:\/\/www.ernstbrunn-apotheke.at\/katalog\/wp-json\/wp\/v2\/product_brand?post=87688"},{"taxonomy":"product_cat","embeddable":true,"href":"https:\/\/www.ernstbrunn-apotheke.at\/katalog\/wp-json\/wp\/v2\/product_cat?post=87688"},{"taxonomy":"product_tag","embeddable":true,"href":"https:\/\/www.ernstbrunn-apotheke.at\/katalog\/wp-json\/wp\/v2\/product_tag?post=87688"}],"curies":[{"name":"wp","href":"https:\/\/api.w.org\/{rel}","templated":true}]}}