{"id":87638,"date":"2025-11-12T02:20:16","date_gmt":"2025-11-12T01:20:16","guid":{"rendered":"https:\/\/www.ernstbrunn-apotheke.at\/katalog\/produkt\/master-lin-conditioner-mit-reishi-150-ml\/"},"modified":"2025-12-08T20:04:04","modified_gmt":"2025-12-08T19:04:04","slug":"master-lin-conditioner-mit-reishi-150-ml","status":"publish","type":"product","link":"https:\/\/www.ernstbrunn-apotheke.at\/katalog\/produkt\/master-lin-conditioner-mit-reishi-150-ml\/","title":{"rendered":"Master Lin Conditioner mit Reishi 150 ml"},"content":{"rendered":"<p>Master Lin Conditioner mit Reishi ist das Pflege-Extra f\u00fcr luxuri\u00f6se Geschmeidigkeit und verf\u00fchrerischen Glanz. Nat\u00fcrliche Haarpflege auf Basis hochwertiger Inhaltsstoffe. Naturkosmetik ganz ohne Silikone oder Parabene. Die reichhaltige und aufbauende Pflegesp\u00fclung versorgt die Haare mit einer Extra-Portion nat\u00fcrlicher Pflege, ohne diese zu beschweren und sorgt dar\u00fcber hinaus f\u00fcr verf\u00fchrerische Geschmeidigkeit. Nur das Beste f\u00fcr Sie und Ihr Haar, und auch Ihre Umwelt.<\/p>\n","protected":false},"excerpt":{"rendered":"<p>Master Lin Conditioner mit Reishi ist das Pflege-Extra f\u00fcr luxuri\u00f6se Geschmeidigkeit und verf\u00fchrerischen Glanz. Nat\u00fcrliche Haarpflege auf Basis hochwertiger Inhaltsstoffe. Naturkosmetik ganz ohne Silikone oder Parabene. Die reichhaltige und aufbauende Pflegesp\u00fclung versorgt die Haare mit einer Extra-Portion nat\u00fcrlicher Pflege, ohne diese zu beschweren und sorgt dar\u00fcber hinaus f\u00fcr verf\u00fchrerische Geschmeidigkeit. Nur das Beste f\u00fcr Sie [&hellip;]<\/p>\n","protected":false},"featured_media":87640,"template":"","meta":{"_acf_changed":false},"product_brand":[],"product_cat":[800],"product_tag":[],"class_list":{"0":"post-87638","1":"product","2":"type-product","3":"status-publish","4":"has-post-thumbnail","6":"product_cat-m","7":"pa_packungsgroesse-150ml","9":"first","10":"instock","11":"shipping-taxable","12":"purchasable","13":"product-type-simple"},"acf":[],"_links":{"self":[{"href":"https:\/\/www.ernstbrunn-apotheke.at\/katalog\/wp-json\/wp\/v2\/product\/87638","targetHints":{"allow":["GET"]}}],"collection":[{"href":"https:\/\/www.ernstbrunn-apotheke.at\/katalog\/wp-json\/wp\/v2\/product"}],"about":[{"href":"https:\/\/www.ernstbrunn-apotheke.at\/katalog\/wp-json\/wp\/v2\/types\/product"}],"wp:featuredmedia":[{"embeddable":true,"href":"https:\/\/www.ernstbrunn-apotheke.at\/katalog\/wp-json\/wp\/v2\/media\/87640"}],"wp:attachment":[{"href":"https:\/\/www.ernstbrunn-apotheke.at\/katalog\/wp-json\/wp\/v2\/media?parent=87638"}],"wp:term":[{"taxonomy":"product_brand","embeddable":true,"href":"https:\/\/www.ernstbrunn-apotheke.at\/katalog\/wp-json\/wp\/v2\/product_brand?post=87638"},{"taxonomy":"product_cat","embeddable":true,"href":"https:\/\/www.ernstbrunn-apotheke.at\/katalog\/wp-json\/wp\/v2\/product_cat?post=87638"},{"taxonomy":"product_tag","embeddable":true,"href":"https:\/\/www.ernstbrunn-apotheke.at\/katalog\/wp-json\/wp\/v2\/product_tag?post=87638"}],"curies":[{"name":"wp","href":"https:\/\/api.w.org\/{rel}","templated":true}]}}