{"id":87607,"date":"2025-11-12T02:19:38","date_gmt":"2025-11-12T01:19:38","guid":{"rendered":"https:\/\/www.ernstbrunn-apotheke.at\/katalog\/produkt\/bios-glutamin-500-mg-kapseln\/"},"modified":"2025-12-08T20:03:50","modified_gmt":"2025-12-08T19:03:50","slug":"bios-glutamin-500-mg-kapseln","status":"publish","type":"product","link":"https:\/\/www.ernstbrunn-apotheke.at\/katalog\/produkt\/bios-glutamin-500-mg-kapseln\/","title":{"rendered":"Bios Glutamin 500 mg Kapseln"},"content":{"rendered":"<p>Bios Glutamin 500 mg Kapseln enthalten 500 mg L-Glutamin in einer Hartgelatinekapsel. L-Glutamin, nicht aber die Glutamins\u00e4ure, kann die Blut-Hirn-Schranke passieren. L-Glutamin ist eine reiche Energiequelle f\u00fcr die Zellen des K\u00f6rpers. L-Glutamins\u00e4ure und ihr S\u00e4ureamid sind Energietr\u00e4ger im Immunsystem und im Energiestoffwechsel der Muskulatur. Sie sind daher vor allem f\u00fcr intensiv trainierende Sportler empfehlenswert.<\/p>\n","protected":false},"excerpt":{"rendered":"<p>Bios Glutamin 500 mg Kapseln enthalten 500 mg L-Glutamin in einer Hartgelatinekapsel. L-Glutamin, nicht aber die Glutamins\u00e4ure, kann die Blut-Hirn-Schranke passieren. L-Glutamin ist eine reiche Energiequelle f\u00fcr die Zellen des K\u00f6rpers. L-Glutamins\u00e4ure und ihr S\u00e4ureamid sind Energietr\u00e4ger im Immunsystem und im Energiestoffwechsel der Muskulatur. Sie sind daher vor allem f\u00fcr intensiv trainierende Sportler empfehlenswert.<\/p>\n","protected":false},"featured_media":0,"template":"","meta":{"_acf_changed":false},"product_brand":[],"product_cat":[802],"product_tag":[],"class_list":{"0":"post-87607","1":"product","2":"type-product","3":"status-publish","5":"product_cat-b","6":"pa_packungsgroesse-100-stueck","8":"first","9":"instock","10":"shipping-taxable","11":"purchasable","12":"product-type-simple"},"acf":[],"_links":{"self":[{"href":"https:\/\/www.ernstbrunn-apotheke.at\/katalog\/wp-json\/wp\/v2\/product\/87607","targetHints":{"allow":["GET"]}}],"collection":[{"href":"https:\/\/www.ernstbrunn-apotheke.at\/katalog\/wp-json\/wp\/v2\/product"}],"about":[{"href":"https:\/\/www.ernstbrunn-apotheke.at\/katalog\/wp-json\/wp\/v2\/types\/product"}],"wp:attachment":[{"href":"https:\/\/www.ernstbrunn-apotheke.at\/katalog\/wp-json\/wp\/v2\/media?parent=87607"}],"wp:term":[{"taxonomy":"product_brand","embeddable":true,"href":"https:\/\/www.ernstbrunn-apotheke.at\/katalog\/wp-json\/wp\/v2\/product_brand?post=87607"},{"taxonomy":"product_cat","embeddable":true,"href":"https:\/\/www.ernstbrunn-apotheke.at\/katalog\/wp-json\/wp\/v2\/product_cat?post=87607"},{"taxonomy":"product_tag","embeddable":true,"href":"https:\/\/www.ernstbrunn-apotheke.at\/katalog\/wp-json\/wp\/v2\/product_tag?post=87607"}],"curies":[{"name":"wp","href":"https:\/\/api.w.org\/{rel}","templated":true}]}}