{"id":87540,"date":"2025-11-12T02:18:20","date_gmt":"2025-11-12T01:18:20","guid":{"rendered":"https:\/\/www.ernstbrunn-apotheke.at\/katalog\/produkt\/lecithin-tonik-pur-fl-bonsal-250-g\/"},"modified":"2025-12-08T20:03:18","modified_gmt":"2025-12-08T19:03:18","slug":"lecithin-tonik-pur-fl-bonsal-250-g","status":"publish","type":"product","link":"https:\/\/www.ernstbrunn-apotheke.at\/katalog\/produkt\/lecithin-tonik-pur-fl-bonsal-250-g\/","title":{"rendered":"Lecithin Tonik Pur Fl Bonsal 250 g"},"content":{"rendered":"<p>Bonsal\u00ae Pures Lecithin Tonicum ist ein reines Naturprodukt aus pflanzlichem Lecithin, Weichselsaft und aromatisiertem s\u00fcdlichem S\u00fc\u00dfwein. Eine vermehrte Zufuhr \u00fcber die \u00fcbliche Einnahme von Lecithin aus der Nahrung leistet einen positiven Beitrag zum allgemeinen Wohlbefinden. Lecithin ist au\u00dferdem geeignet bei geistiger Ersch\u00f6pfung, hat einen g\u00fcnstigen Einfluss auf den Cholesterinspiegel und unterst\u00fctzt die Leberfunktion.<\/p>\n","protected":false},"excerpt":{"rendered":"<p>Bonsal\u00ae Pures Lecithin Tonicum ist ein reines Naturprodukt aus pflanzlichem Lecithin, Weichselsaft und aromatisiertem s\u00fcdlichem S\u00fc\u00dfwein. Eine vermehrte Zufuhr \u00fcber die \u00fcbliche Einnahme von Lecithin aus der Nahrung leistet einen positiven Beitrag zum allgemeinen Wohlbefinden. Lecithin ist au\u00dferdem geeignet bei geistiger Ersch\u00f6pfung, hat einen g\u00fcnstigen Einfluss auf den Cholesterinspiegel und unterst\u00fctzt die Leberfunktion.<\/p>\n","protected":false},"featured_media":87542,"template":"","meta":{"_acf_changed":false},"product_brand":[],"product_cat":[795],"product_tag":[],"class_list":{"0":"post-87540","1":"product","2":"type-product","3":"status-publish","4":"has-post-thumbnail","6":"product_cat-l","7":"pa_packungsgroesse-250ml","9":"first","10":"instock","11":"shipping-taxable","12":"purchasable","13":"product-type-simple"},"acf":[],"_links":{"self":[{"href":"https:\/\/www.ernstbrunn-apotheke.at\/katalog\/wp-json\/wp\/v2\/product\/87540","targetHints":{"allow":["GET"]}}],"collection":[{"href":"https:\/\/www.ernstbrunn-apotheke.at\/katalog\/wp-json\/wp\/v2\/product"}],"about":[{"href":"https:\/\/www.ernstbrunn-apotheke.at\/katalog\/wp-json\/wp\/v2\/types\/product"}],"wp:featuredmedia":[{"embeddable":true,"href":"https:\/\/www.ernstbrunn-apotheke.at\/katalog\/wp-json\/wp\/v2\/media\/87542"}],"wp:attachment":[{"href":"https:\/\/www.ernstbrunn-apotheke.at\/katalog\/wp-json\/wp\/v2\/media?parent=87540"}],"wp:term":[{"taxonomy":"product_brand","embeddable":true,"href":"https:\/\/www.ernstbrunn-apotheke.at\/katalog\/wp-json\/wp\/v2\/product_brand?post=87540"},{"taxonomy":"product_cat","embeddable":true,"href":"https:\/\/www.ernstbrunn-apotheke.at\/katalog\/wp-json\/wp\/v2\/product_cat?post=87540"},{"taxonomy":"product_tag","embeddable":true,"href":"https:\/\/www.ernstbrunn-apotheke.at\/katalog\/wp-json\/wp\/v2\/product_tag?post=87540"}],"curies":[{"name":"wp","href":"https:\/\/api.w.org\/{rel}","templated":true}]}}