{"id":87520,"date":"2025-11-12T02:17:55","date_gmt":"2025-11-12T01:17:55","guid":{"rendered":"https:\/\/www.ernstbrunn-apotheke.at\/katalog\/produkt\/zahnseide-intradent-a-xyl-25-meter\/"},"modified":"2025-12-08T20:03:11","modified_gmt":"2025-12-08T19:03:11","slug":"zahnseide-intradent-a-xyl-25-meter","status":"publish","type":"product","link":"https:\/\/www.ernstbrunn-apotheke.at\/katalog\/produkt\/zahnseide-intradent-a-xyl-25-meter\/","title":{"rendered":"Zahnseide Intradent-A-Xyl 25 Meter"},"content":{"rendered":"<p>Zahnseide Intradent A-Xyl eignet sich perfekt zur Erg\u00e4nzung der t\u00e4glichen Zahnreinigung. Die Zahnseide ist leicht gewachst und ist mit Fluorid \u00fcberzogen. Au\u00dferdem besitzt sie einen angenehmen Minz-Geschmack.<\/p>\n","protected":false},"excerpt":{"rendered":"<p>Zahnseide Intradent A-Xyl eignet sich perfekt zur Erg\u00e4nzung der t\u00e4glichen Zahnreinigung. Die Zahnseide ist leicht gewachst und ist mit Fluorid \u00fcberzogen. Au\u00dferdem besitzt sie einen angenehmen Minz-Geschmack.<\/p>\n","protected":false},"featured_media":0,"template":"","meta":{"_acf_changed":false},"product_brand":[],"product_cat":[803],"product_tag":[],"class_list":{"0":"post-87520","1":"product","2":"type-product","3":"status-publish","5":"product_cat-z","6":"pa_packungsgroesse-896","8":"first","9":"instock","10":"shipping-taxable","11":"purchasable","12":"product-type-simple"},"acf":[],"_links":{"self":[{"href":"https:\/\/www.ernstbrunn-apotheke.at\/katalog\/wp-json\/wp\/v2\/product\/87520","targetHints":{"allow":["GET"]}}],"collection":[{"href":"https:\/\/www.ernstbrunn-apotheke.at\/katalog\/wp-json\/wp\/v2\/product"}],"about":[{"href":"https:\/\/www.ernstbrunn-apotheke.at\/katalog\/wp-json\/wp\/v2\/types\/product"}],"wp:attachment":[{"href":"https:\/\/www.ernstbrunn-apotheke.at\/katalog\/wp-json\/wp\/v2\/media?parent=87520"}],"wp:term":[{"taxonomy":"product_brand","embeddable":true,"href":"https:\/\/www.ernstbrunn-apotheke.at\/katalog\/wp-json\/wp\/v2\/product_brand?post=87520"},{"taxonomy":"product_cat","embeddable":true,"href":"https:\/\/www.ernstbrunn-apotheke.at\/katalog\/wp-json\/wp\/v2\/product_cat?post=87520"},{"taxonomy":"product_tag","embeddable":true,"href":"https:\/\/www.ernstbrunn-apotheke.at\/katalog\/wp-json\/wp\/v2\/product_tag?post=87520"}],"curies":[{"name":"wp","href":"https:\/\/api.w.org\/{rel}","templated":true}]}}