{"id":87473,"date":"2025-11-12T02:17:01","date_gmt":"2025-11-12T01:17:01","guid":{"rendered":"https:\/\/www.ernstbrunn-apotheke.at\/katalog\/produkt\/bios-gerstengras-kapseln-250-mg\/"},"modified":"2025-12-08T20:02:49","modified_gmt":"2025-12-08T19:02:49","slug":"bios-gerstengras-kapseln-250-mg","status":"publish","type":"product","link":"https:\/\/www.ernstbrunn-apotheke.at\/katalog\/produkt\/bios-gerstengras-kapseln-250-mg\/","title":{"rendered":"Bios Gerstengras Kapseln 250 mg"},"content":{"rendered":"<p>Bios Gerstengras 250 mg Kapseln enthalten 250 mg Gerstengrasextrakt aus Hordeum distichon mit einem Droge\/Extraktverh\u00e4ltnis von 10:1. Die Gerste ist eine Getreidegrasart aus der Familie der S\u00fc\u00dfgr\u00e4ser. Die Getreidegr\u00e4ser sind in ihrer N\u00e4hrstoffzusammensetzung gr\u00fcnem Blattgem\u00fcse sehr \u00e4hnlich. Junges Gerstengras liefert Chlorophyll und Antioxidantien und ist reich an Proteinen, Vitaminen und Mineralstoffen.<\/p>\n","protected":false},"excerpt":{"rendered":"<p>Bios Gerstengras 250 mg Kapseln enthalten 250 mg Gerstengrasextrakt aus Hordeum distichon mit einem Droge\/Extraktverh\u00e4ltnis von 10:1. Die Gerste ist eine Getreidegrasart aus der Familie der S\u00fc\u00dfgr\u00e4ser. Die Getreidegr\u00e4ser sind in ihrer N\u00e4hrstoffzusammensetzung gr\u00fcnem Blattgem\u00fcse sehr \u00e4hnlich. Junges Gerstengras liefert Chlorophyll und Antioxidantien und ist reich an Proteinen, Vitaminen und Mineralstoffen.<\/p>\n","protected":false},"featured_media":87475,"template":"","meta":{"_acf_changed":false},"product_brand":[],"product_cat":[802],"product_tag":[],"class_list":{"0":"post-87473","1":"product","2":"type-product","3":"status-publish","4":"has-post-thumbnail","6":"product_cat-b","7":"pa_packungsgroesse-100-stueck","9":"first","10":"instock","11":"shipping-taxable","12":"purchasable","13":"product-type-simple"},"acf":[],"_links":{"self":[{"href":"https:\/\/www.ernstbrunn-apotheke.at\/katalog\/wp-json\/wp\/v2\/product\/87473","targetHints":{"allow":["GET"]}}],"collection":[{"href":"https:\/\/www.ernstbrunn-apotheke.at\/katalog\/wp-json\/wp\/v2\/product"}],"about":[{"href":"https:\/\/www.ernstbrunn-apotheke.at\/katalog\/wp-json\/wp\/v2\/types\/product"}],"wp:featuredmedia":[{"embeddable":true,"href":"https:\/\/www.ernstbrunn-apotheke.at\/katalog\/wp-json\/wp\/v2\/media\/87475"}],"wp:attachment":[{"href":"https:\/\/www.ernstbrunn-apotheke.at\/katalog\/wp-json\/wp\/v2\/media?parent=87473"}],"wp:term":[{"taxonomy":"product_brand","embeddable":true,"href":"https:\/\/www.ernstbrunn-apotheke.at\/katalog\/wp-json\/wp\/v2\/product_brand?post=87473"},{"taxonomy":"product_cat","embeddable":true,"href":"https:\/\/www.ernstbrunn-apotheke.at\/katalog\/wp-json\/wp\/v2\/product_cat?post=87473"},{"taxonomy":"product_tag","embeddable":true,"href":"https:\/\/www.ernstbrunn-apotheke.at\/katalog\/wp-json\/wp\/v2\/product_tag?post=87473"}],"curies":[{"name":"wp","href":"https:\/\/api.w.org\/{rel}","templated":true}]}}