{"id":87402,"date":"2025-11-12T02:15:13","date_gmt":"2025-11-12T01:15:13","guid":{"rendered":"https:\/\/www.ernstbrunn-apotheke.at\/katalog\/produkt\/insect-out-mottenspray-500-ml\/"},"modified":"2025-12-08T20:02:21","modified_gmt":"2025-12-08T19:02:21","slug":"insect-out-mottenspray-500-ml","status":"publish","type":"product","link":"https:\/\/www.ernstbrunn-apotheke.at\/katalog\/produkt\/insect-out-mottenspray-500-ml\/","title":{"rendered":"Insect-Out Mottenspray 500 ml"},"content":{"rendered":"<p>Insect-Out: Margosa ist ein nat\u00fcrliches Insektenabwehrmittel (Repellent) und wird nach einem patentierten Verfahren schonend aus den Samen des Neembaumes (Azadirchta Indica) gewonnen.Margosa ist f\u00fcr Mensch und Tier unbedenklich und wirkt auf Insekten absto\u00dfend, ohne diese jedoch zu t\u00f6ten. Margosa wirkt nachweislich abwehrend auf folgende Insektenarten. Langzeitschutz bis zu 6 Monate. Angenehmer Lavendelduft. Mit dem Wirkstoff des Neembaumes..<\/p>\n","protected":false},"excerpt":{"rendered":"<p>Insect-Out: Margosa ist ein nat\u00fcrliches Insektenabwehrmittel (Repellent) und wird nach einem patentierten Verfahren schonend aus den Samen des Neembaumes (Azadirchta Indica) gewonnen.Margosa ist f\u00fcr Mensch und Tier unbedenklich und wirkt auf Insekten absto\u00dfend, ohne diese jedoch zu t\u00f6ten. Margosa wirkt nachweislich abwehrend auf folgende Insektenarten. Langzeitschutz bis zu 6 Monate. Angenehmer Lavendelduft. Mit dem Wirkstoff [&hellip;]<\/p>\n","protected":false},"featured_media":87404,"template":"","meta":{"_acf_changed":false},"product_brand":[],"product_cat":[823],"product_tag":[],"class_list":{"0":"post-87402","1":"product","2":"type-product","3":"status-publish","4":"has-post-thumbnail","6":"product_cat-i","7":"pa_packungsgroesse-500ml","9":"first","10":"instock","11":"shipping-taxable","12":"purchasable","13":"product-type-simple"},"acf":[],"_links":{"self":[{"href":"https:\/\/www.ernstbrunn-apotheke.at\/katalog\/wp-json\/wp\/v2\/product\/87402","targetHints":{"allow":["GET"]}}],"collection":[{"href":"https:\/\/www.ernstbrunn-apotheke.at\/katalog\/wp-json\/wp\/v2\/product"}],"about":[{"href":"https:\/\/www.ernstbrunn-apotheke.at\/katalog\/wp-json\/wp\/v2\/types\/product"}],"wp:featuredmedia":[{"embeddable":true,"href":"https:\/\/www.ernstbrunn-apotheke.at\/katalog\/wp-json\/wp\/v2\/media\/87404"}],"wp:attachment":[{"href":"https:\/\/www.ernstbrunn-apotheke.at\/katalog\/wp-json\/wp\/v2\/media?parent=87402"}],"wp:term":[{"taxonomy":"product_brand","embeddable":true,"href":"https:\/\/www.ernstbrunn-apotheke.at\/katalog\/wp-json\/wp\/v2\/product_brand?post=87402"},{"taxonomy":"product_cat","embeddable":true,"href":"https:\/\/www.ernstbrunn-apotheke.at\/katalog\/wp-json\/wp\/v2\/product_cat?post=87402"},{"taxonomy":"product_tag","embeddable":true,"href":"https:\/\/www.ernstbrunn-apotheke.at\/katalog\/wp-json\/wp\/v2\/product_tag?post=87402"}],"curies":[{"name":"wp","href":"https:\/\/api.w.org\/{rel}","templated":true}]}}