{"id":8739,"date":"2025-11-07T13:47:14","date_gmt":"2025-11-07T12:47:14","guid":{"rendered":"https:\/\/www.ernstbrunn-apotheke.at\/katalog\/produkt\/makumed-lutein-20-mg-forte-kapseln-30-stk\/"},"modified":"2025-12-08T13:26:10","modified_gmt":"2025-12-08T12:26:10","slug":"makumed-lutein-20-mg-forte-kapseln-30-stk","status":"publish","type":"product","link":"https:\/\/www.ernstbrunn-apotheke.at\/katalog\/produkt\/makumed-lutein-20-mg-forte-kapseln-30-stk\/","title":{"rendered":"Makumed Lutein 20 mg forte Kapseln 30 Stk."},"content":{"rendered":"<p>makumed 20 mg Lutein-Kapseln forte dienen zur di\u00e4tischen Behandlung von altersabh\u00e4ngigen Makuladegenerationen (AMD). Sie enthalten hochdosiertes, nat\u00fcrliches Lutein und verbessern die Sehsch\u00e4rfe. Au\u00dferdem steigern sie die Kontrastempfindlichkeit und erh\u00f6hen die Makula-Pigmentdichte..<\/p>\n","protected":false},"excerpt":{"rendered":"<p>makumed 20 mg Lutein-Kapseln forte dienen zur di\u00e4tischen Behandlung von altersabh\u00e4ngigen Makuladegenerationen (AMD). Sie enthalten hochdosiertes, nat\u00fcrliches Lutein und verbessern die Sehsch\u00e4rfe. Au\u00dferdem steigern sie die Kontrastempfindlichkeit und erh\u00f6hen die Makula-Pigmentdichte..<\/p>\n","protected":false},"featured_media":8741,"template":"","meta":{"_acf_changed":false},"product_brand":[],"product_cat":[800],"product_tag":[],"class_list":{"0":"post-8739","1":"product","2":"type-product","3":"status-publish","4":"has-post-thumbnail","6":"product_cat-m","7":"pa_packungsgroesse-30-stueck","9":"first","10":"instock","11":"shipping-taxable","12":"purchasable","13":"product-type-simple"},"acf":[],"_links":{"self":[{"href":"https:\/\/www.ernstbrunn-apotheke.at\/katalog\/wp-json\/wp\/v2\/product\/8739","targetHints":{"allow":["GET"]}}],"collection":[{"href":"https:\/\/www.ernstbrunn-apotheke.at\/katalog\/wp-json\/wp\/v2\/product"}],"about":[{"href":"https:\/\/www.ernstbrunn-apotheke.at\/katalog\/wp-json\/wp\/v2\/types\/product"}],"wp:featuredmedia":[{"embeddable":true,"href":"https:\/\/www.ernstbrunn-apotheke.at\/katalog\/wp-json\/wp\/v2\/media\/8741"}],"wp:attachment":[{"href":"https:\/\/www.ernstbrunn-apotheke.at\/katalog\/wp-json\/wp\/v2\/media?parent=8739"}],"wp:term":[{"taxonomy":"product_brand","embeddable":true,"href":"https:\/\/www.ernstbrunn-apotheke.at\/katalog\/wp-json\/wp\/v2\/product_brand?post=8739"},{"taxonomy":"product_cat","embeddable":true,"href":"https:\/\/www.ernstbrunn-apotheke.at\/katalog\/wp-json\/wp\/v2\/product_cat?post=8739"},{"taxonomy":"product_tag","embeddable":true,"href":"https:\/\/www.ernstbrunn-apotheke.at\/katalog\/wp-json\/wp\/v2\/product_tag?post=8739"}],"curies":[{"name":"wp","href":"https:\/\/api.w.org\/{rel}","templated":true}]}}