{"id":87358,"date":"2025-11-12T02:14:37","date_gmt":"2025-11-12T01:14:37","guid":{"rendered":"https:\/\/www.ernstbrunn-apotheke.at\/katalog\/produkt\/gelenk-kapseln-2\/"},"modified":"2025-12-08T20:02:06","modified_gmt":"2025-12-08T19:02:06","slug":"gelenk-kapseln-2","status":"publish","type":"product","link":"https:\/\/www.ernstbrunn-apotheke.at\/katalog\/produkt\/gelenk-kapseln-2\/","title":{"rendered":"Gelenk Kapseln"},"content":{"rendered":"<p>Gelenk GPH Kapseln enthalten eine sinnvolle Kombination von nat\u00fcrlichen k\u00f6rpereigenen Stoffen, welche als Kombination synergistische Effekte aufweisen. Gelenkkapseln unterst\u00fctzen als Nahrungserg\u00e4nzungsmittel langfristig den Aufbau von Knorpelsubstanz und eignen sich besonders bei degenerativ ver\u00e4ndertem Gelenkknorpelgewebe, Arthrosen und rheumatischer Arthritis zum Aufbau von gesundem Knorpelgewebe.<\/p>\n","protected":false},"excerpt":{"rendered":"<p>Gelenk GPH Kapseln enthalten eine sinnvolle Kombination von nat\u00fcrlichen k\u00f6rpereigenen Stoffen, welche als Kombination synergistische Effekte aufweisen. Gelenkkapseln unterst\u00fctzen als Nahrungserg\u00e4nzungsmittel langfristig den Aufbau von Knorpelsubstanz und eignen sich besonders bei degenerativ ver\u00e4ndertem Gelenkknorpelgewebe, Arthrosen und rheumatischer Arthritis zum Aufbau von gesundem Knorpelgewebe.<\/p>\n","protected":false},"featured_media":87360,"template":"","meta":{"_acf_changed":false},"product_brand":[371],"product_cat":[810],"product_tag":[],"class_list":{"0":"post-87358","1":"product","2":"type-product","3":"status-publish","4":"has-post-thumbnail","6":"product_brand-gall-pharma","7":"product_cat-g","8":"pa_packungsgroesse-360-stueck","10":"first","11":"instock","12":"shipping-taxable","13":"purchasable","14":"product-type-simple"},"acf":[],"_links":{"self":[{"href":"https:\/\/www.ernstbrunn-apotheke.at\/katalog\/wp-json\/wp\/v2\/product\/87358","targetHints":{"allow":["GET"]}}],"collection":[{"href":"https:\/\/www.ernstbrunn-apotheke.at\/katalog\/wp-json\/wp\/v2\/product"}],"about":[{"href":"https:\/\/www.ernstbrunn-apotheke.at\/katalog\/wp-json\/wp\/v2\/types\/product"}],"wp:featuredmedia":[{"embeddable":true,"href":"https:\/\/www.ernstbrunn-apotheke.at\/katalog\/wp-json\/wp\/v2\/media\/87360"}],"wp:attachment":[{"href":"https:\/\/www.ernstbrunn-apotheke.at\/katalog\/wp-json\/wp\/v2\/media?parent=87358"}],"wp:term":[{"taxonomy":"product_brand","embeddable":true,"href":"https:\/\/www.ernstbrunn-apotheke.at\/katalog\/wp-json\/wp\/v2\/product_brand?post=87358"},{"taxonomy":"product_cat","embeddable":true,"href":"https:\/\/www.ernstbrunn-apotheke.at\/katalog\/wp-json\/wp\/v2\/product_cat?post=87358"},{"taxonomy":"product_tag","embeddable":true,"href":"https:\/\/www.ernstbrunn-apotheke.at\/katalog\/wp-json\/wp\/v2\/product_tag?post=87358"}],"curies":[{"name":"wp","href":"https:\/\/api.w.org\/{rel}","templated":true}]}}