{"id":87259,"date":"2025-11-12T02:12:41","date_gmt":"2025-11-12T01:12:41","guid":{"rendered":"https:\/\/www.ernstbrunn-apotheke.at\/katalog\/produkt\/adler-bachblueten-gorse-tropfen-10-ml\/"},"modified":"2025-12-08T20:01:15","modified_gmt":"2025-12-08T19:01:15","slug":"adler-bachblueten-gorse-tropfen-10-ml","status":"publish","type":"product","link":"https:\/\/www.ernstbrunn-apotheke.at\/katalog\/produkt\/adler-bachblueten-gorse-tropfen-10-ml\/","title":{"rendered":"Adler Bachbl\u00fcten Gorse Tropfen 10 ml"},"content":{"rendered":"<p>Adler Bachbl\u00fcten Gorse Tropfen 10 ml sind Teil der &#8222;Sieben Helfer&#8220; und k\u00f6nnen bei andauernder, schlechter Verfassung unterst\u00fctzen. Gorse Tropfen eignen sich f\u00fcr mutlose Menschen, die Schwierigkeiten haben, sich mit Problemen abzufinden und keine neuen Versuche wagen und k\u00f6nnen bei einer pessimistischen Lebenshaltung und schweren Krankheiten mit sehr schlechter Prognose unterst\u00fctzend wirken.<\/p>\n","protected":false},"excerpt":{"rendered":"<p>Adler Bachbl\u00fcten Gorse Tropfen 10 ml sind Teil der &#8222;Sieben Helfer&#8220; und k\u00f6nnen bei andauernder, schlechter Verfassung unterst\u00fctzen. Gorse Tropfen eignen sich f\u00fcr mutlose Menschen, die Schwierigkeiten haben, sich mit Problemen abzufinden und keine neuen Versuche wagen und k\u00f6nnen bei einer pessimistischen Lebenshaltung und schweren Krankheiten mit sehr schlechter Prognose unterst\u00fctzend wirken.<\/p>\n","protected":false},"featured_media":87261,"template":"","meta":{"_acf_changed":false},"product_brand":[928],"product_cat":[801],"product_tag":[],"class_list":{"0":"post-87259","1":"product","2":"type-product","3":"status-publish","4":"has-post-thumbnail","6":"product_brand-adler-pharma","7":"product_cat-a","8":"pa_packungsgroesse-10ml","10":"first","11":"instock","12":"shipping-taxable","13":"purchasable","14":"product-type-simple"},"acf":[],"_links":{"self":[{"href":"https:\/\/www.ernstbrunn-apotheke.at\/katalog\/wp-json\/wp\/v2\/product\/87259","targetHints":{"allow":["GET"]}}],"collection":[{"href":"https:\/\/www.ernstbrunn-apotheke.at\/katalog\/wp-json\/wp\/v2\/product"}],"about":[{"href":"https:\/\/www.ernstbrunn-apotheke.at\/katalog\/wp-json\/wp\/v2\/types\/product"}],"wp:featuredmedia":[{"embeddable":true,"href":"https:\/\/www.ernstbrunn-apotheke.at\/katalog\/wp-json\/wp\/v2\/media\/87261"}],"wp:attachment":[{"href":"https:\/\/www.ernstbrunn-apotheke.at\/katalog\/wp-json\/wp\/v2\/media?parent=87259"}],"wp:term":[{"taxonomy":"product_brand","embeddable":true,"href":"https:\/\/www.ernstbrunn-apotheke.at\/katalog\/wp-json\/wp\/v2\/product_brand?post=87259"},{"taxonomy":"product_cat","embeddable":true,"href":"https:\/\/www.ernstbrunn-apotheke.at\/katalog\/wp-json\/wp\/v2\/product_cat?post=87259"},{"taxonomy":"product_tag","embeddable":true,"href":"https:\/\/www.ernstbrunn-apotheke.at\/katalog\/wp-json\/wp\/v2\/product_tag?post=87259"}],"curies":[{"name":"wp","href":"https:\/\/api.w.org\/{rel}","templated":true}]}}