{"id":87212,"date":"2025-11-12T02:11:40","date_gmt":"2025-11-12T01:11:40","guid":{"rendered":"https:\/\/www.ernstbrunn-apotheke.at\/katalog\/produkt\/kneipp-dusch-tonic-maenner-2-in-1-blauer-eukalyptus-zypresse-200-ml\/"},"modified":"2025-12-08T20:00:55","modified_gmt":"2025-12-08T19:00:55","slug":"kneipp-dusch-tonic-maenner-2-in-1-blauer-eukalyptus-zypresse-200-ml","status":"publish","type":"product","link":"https:\/\/www.ernstbrunn-apotheke.at\/katalog\/produkt\/kneipp-dusch-tonic-maenner-2-in-1-blauer-eukalyptus-zypresse-200-ml\/","title":{"rendered":"Kneipp Dusch Tonic M\u00e4nner 2 in 1 Blauer Eukalyptus &#038; Zypresse 200 ml"},"content":{"rendered":"<p>Kneipp Dusch Tonic M\u00e4nner 2 in 1 Blauer Eukalyptus &#038; Zypresse 200 ml mit dem spritzigen Duft aus blauem Eukalyptus und w\u00fcrziger Zypresse kombiniert mit \u00e4therischem Minz\u00f6l sorgt f\u00fcr ein belebendes Duscherlebnis \u2013 mit erfrischendem Effekt. Die pflanzliche Pflegeformel bewahrt die Feuchtigkeit der Haut und sch\u00fctzt sie vor dem Austrocknen.<\/p>\n","protected":false},"excerpt":{"rendered":"<p>Kneipp Dusch Tonic M\u00e4nner 2 in 1 Blauer Eukalyptus &#038; Zypresse 200 ml mit dem spritzigen Duft aus blauem Eukalyptus und w\u00fcrziger Zypresse kombiniert mit \u00e4therischem Minz\u00f6l sorgt f\u00fcr ein belebendes Duscherlebnis \u2013 mit erfrischendem Effekt. Die pflanzliche Pflegeformel bewahrt die Feuchtigkeit der Haut und sch\u00fctzt sie vor dem Austrocknen.<\/p>\n","protected":false},"featured_media":87214,"template":"","meta":{"_acf_changed":false},"product_brand":[662],"product_cat":[807],"product_tag":[],"class_list":{"0":"post-87212","1":"product","2":"type-product","3":"status-publish","4":"has-post-thumbnail","6":"product_brand-kneipp","7":"product_cat-k","8":"pa_packungsgroesse-200ml","10":"first","11":"instock","12":"shipping-taxable","13":"purchasable","14":"product-type-simple"},"acf":[],"_links":{"self":[{"href":"https:\/\/www.ernstbrunn-apotheke.at\/katalog\/wp-json\/wp\/v2\/product\/87212","targetHints":{"allow":["GET"]}}],"collection":[{"href":"https:\/\/www.ernstbrunn-apotheke.at\/katalog\/wp-json\/wp\/v2\/product"}],"about":[{"href":"https:\/\/www.ernstbrunn-apotheke.at\/katalog\/wp-json\/wp\/v2\/types\/product"}],"wp:featuredmedia":[{"embeddable":true,"href":"https:\/\/www.ernstbrunn-apotheke.at\/katalog\/wp-json\/wp\/v2\/media\/87214"}],"wp:attachment":[{"href":"https:\/\/www.ernstbrunn-apotheke.at\/katalog\/wp-json\/wp\/v2\/media?parent=87212"}],"wp:term":[{"taxonomy":"product_brand","embeddable":true,"href":"https:\/\/www.ernstbrunn-apotheke.at\/katalog\/wp-json\/wp\/v2\/product_brand?post=87212"},{"taxonomy":"product_cat","embeddable":true,"href":"https:\/\/www.ernstbrunn-apotheke.at\/katalog\/wp-json\/wp\/v2\/product_cat?post=87212"},{"taxonomy":"product_tag","embeddable":true,"href":"https:\/\/www.ernstbrunn-apotheke.at\/katalog\/wp-json\/wp\/v2\/product_tag?post=87212"}],"curies":[{"name":"wp","href":"https:\/\/api.w.org\/{rel}","templated":true}]}}