{"id":87205,"date":"2025-11-12T02:11:40","date_gmt":"2025-11-12T01:11:40","guid":{"rendered":"https:\/\/www.ernstbrunn-apotheke.at\/katalog\/produkt\/cell-plus-kuehlende-gel-creme-mit-cryo-effekt-200-ml\/"},"modified":"2025-12-08T20:00:51","modified_gmt":"2025-12-08T19:00:51","slug":"cell-plus-kuehlende-gel-creme-mit-cryo-effekt-200-ml","status":"publish","type":"product","link":"https:\/\/www.ernstbrunn-apotheke.at\/katalog\/produkt\/cell-plus-kuehlende-gel-creme-mit-cryo-effekt-200-ml\/","title":{"rendered":"Cell-Plus k\u00fchlende Gel-Creme mit Cryo-Effekt 200 ml"},"content":{"rendered":"<p>Cell-Plus k\u00fchlende Gel-Creme mit Cryo-Effekt ist eine angenehm und leicht absorbierende Creme, welche dabei hilft, Wasseransammlungen entgegenzuwirken. Die enthaltene Wasserminze sorgt f\u00fcr einen straffenden Effekt. Ein Komplex aus hoch- und mittelmolekularer sowie vernetzter Hyalurons\u00e4ure f\u00fcr eine langanhaltende Feuchtigkeit. Blaualgen bewirken eine straffere, glattere und samtigere Haut.<\/p>\n","protected":false},"excerpt":{"rendered":"<p>Cell-Plus k\u00fchlende Gel-Creme mit Cryo-Effekt ist eine angenehm und leicht absorbierende Creme, welche dabei hilft, Wasseransammlungen entgegenzuwirken. Die enthaltene Wasserminze sorgt f\u00fcr einen straffenden Effekt. Ein Komplex aus hoch- und mittelmolekularer sowie vernetzter Hyalurons\u00e4ure f\u00fcr eine langanhaltende Feuchtigkeit. Blaualgen bewirken eine straffere, glattere und samtigere Haut.<\/p>\n","protected":false},"featured_media":87207,"template":"","meta":{"_acf_changed":false},"product_brand":[],"product_cat":[812],"product_tag":[],"class_list":{"0":"post-87205","1":"product","2":"type-product","3":"status-publish","4":"has-post-thumbnail","6":"product_cat-c","7":"pa_packungsgroesse-200ml","9":"first","10":"instock","11":"shipping-taxable","12":"purchasable","13":"product-type-simple"},"acf":[],"_links":{"self":[{"href":"https:\/\/www.ernstbrunn-apotheke.at\/katalog\/wp-json\/wp\/v2\/product\/87205","targetHints":{"allow":["GET"]}}],"collection":[{"href":"https:\/\/www.ernstbrunn-apotheke.at\/katalog\/wp-json\/wp\/v2\/product"}],"about":[{"href":"https:\/\/www.ernstbrunn-apotheke.at\/katalog\/wp-json\/wp\/v2\/types\/product"}],"wp:featuredmedia":[{"embeddable":true,"href":"https:\/\/www.ernstbrunn-apotheke.at\/katalog\/wp-json\/wp\/v2\/media\/87207"}],"wp:attachment":[{"href":"https:\/\/www.ernstbrunn-apotheke.at\/katalog\/wp-json\/wp\/v2\/media?parent=87205"}],"wp:term":[{"taxonomy":"product_brand","embeddable":true,"href":"https:\/\/www.ernstbrunn-apotheke.at\/katalog\/wp-json\/wp\/v2\/product_brand?post=87205"},{"taxonomy":"product_cat","embeddable":true,"href":"https:\/\/www.ernstbrunn-apotheke.at\/katalog\/wp-json\/wp\/v2\/product_cat?post=87205"},{"taxonomy":"product_tag","embeddable":true,"href":"https:\/\/www.ernstbrunn-apotheke.at\/katalog\/wp-json\/wp\/v2\/product_tag?post=87205"}],"curies":[{"name":"wp","href":"https:\/\/api.w.org\/{rel}","templated":true}]}}