{"id":87187,"date":"2025-11-12T02:11:17","date_gmt":"2025-11-12T01:11:17","guid":{"rendered":"https:\/\/www.ernstbrunn-apotheke.at\/katalog\/produkt\/healing-herbs-willow-30-ml\/"},"modified":"2025-12-08T20:00:44","modified_gmt":"2025-12-08T19:00:44","slug":"healing-herbs-willow-30-ml","status":"publish","type":"product","link":"https:\/\/www.ernstbrunn-apotheke.at\/katalog\/produkt\/healing-herbs-willow-30-ml\/","title":{"rendered":"Healing Herbs Willow 30 ml"},"content":{"rendered":"<p>Healing Herbs Willow hilft, sich mit dem Schicksal auszus\u00f6hnen, wenn man sich durch das Leben ungerecht behandelt f\u00fchlt. Es findet seine Anwendung nach dem Motto &#8222;Ich bin kein Opfer, sondern bew\u00e4ltige mein Schicksal&#8220;.<\/p>\n","protected":false},"excerpt":{"rendered":"<p>Healing Herbs Willow hilft, sich mit dem Schicksal auszus\u00f6hnen, wenn man sich durch das Leben ungerecht behandelt f\u00fchlt. Es findet seine Anwendung nach dem Motto &#8222;Ich bin kein Opfer, sondern bew\u00e4ltige mein Schicksal&#8220;.<\/p>\n","protected":false},"featured_media":0,"template":"","meta":{"_acf_changed":false},"product_brand":[927],"product_cat":[805],"product_tag":[],"class_list":{"0":"post-87187","1":"product","2":"type-product","3":"status-publish","5":"product_brand-healing-herbs","6":"product_cat-h","7":"pa_packungsgroesse-30ml","9":"first","10":"instock","11":"shipping-taxable","12":"purchasable","13":"product-type-simple"},"acf":[],"_links":{"self":[{"href":"https:\/\/www.ernstbrunn-apotheke.at\/katalog\/wp-json\/wp\/v2\/product\/87187","targetHints":{"allow":["GET"]}}],"collection":[{"href":"https:\/\/www.ernstbrunn-apotheke.at\/katalog\/wp-json\/wp\/v2\/product"}],"about":[{"href":"https:\/\/www.ernstbrunn-apotheke.at\/katalog\/wp-json\/wp\/v2\/types\/product"}],"wp:attachment":[{"href":"https:\/\/www.ernstbrunn-apotheke.at\/katalog\/wp-json\/wp\/v2\/media?parent=87187"}],"wp:term":[{"taxonomy":"product_brand","embeddable":true,"href":"https:\/\/www.ernstbrunn-apotheke.at\/katalog\/wp-json\/wp\/v2\/product_brand?post=87187"},{"taxonomy":"product_cat","embeddable":true,"href":"https:\/\/www.ernstbrunn-apotheke.at\/katalog\/wp-json\/wp\/v2\/product_cat?post=87187"},{"taxonomy":"product_tag","embeddable":true,"href":"https:\/\/www.ernstbrunn-apotheke.at\/katalog\/wp-json\/wp\/v2\/product_tag?post=87187"}],"curies":[{"name":"wp","href":"https:\/\/api.w.org\/{rel}","templated":true}]}}