{"id":87157,"date":"2025-11-12T02:10:44","date_gmt":"2025-11-12T01:10:44","guid":{"rendered":"https:\/\/www.ernstbrunn-apotheke.at\/katalog\/produkt\/espara-echinacea-compositum-alchemistische-essenz-30-ml\/"},"modified":"2025-12-08T20:00:28","modified_gmt":"2025-12-08T19:00:28","slug":"espara-echinacea-compositum-alchemistische-essenz-30-ml","status":"publish","type":"product","link":"https:\/\/www.ernstbrunn-apotheke.at\/katalog\/produkt\/espara-echinacea-compositum-alchemistische-essenz-30-ml\/","title":{"rendered":"Espara Echinacea Compositum Alchemistische Essenz 30 ml"},"content":{"rendered":"<p>Nahrungserg\u00e4nzungsmittel mit Destillaten von Echinacea, Alant, Hagebutte, B\u00e4rlauch, Brennnessel, Berberitze und Thuja  hergestellt nach einem speziellen, auf Paracelsus zur\u00fcckgehenden Verfahren. Echinacea ist bekannt f\u00fcr ihre immunst\u00e4rkenden Eigenschaften. Alk. 16 % vol.<\/p>\n","protected":false},"excerpt":{"rendered":"<p>Nahrungserg\u00e4nzungsmittel mit Destillaten von Echinacea, Alant, Hagebutte, B\u00e4rlauch, Brennnessel, Berberitze und Thuja hergestellt nach einem speziellen, auf Paracelsus zur\u00fcckgehenden Verfahren. Echinacea ist bekannt f\u00fcr ihre immunst\u00e4rkenden Eigenschaften. Alk. 16 % vol.<\/p>\n","protected":false},"featured_media":87159,"template":"","meta":{"_acf_changed":false},"product_brand":[383],"product_cat":[794],"product_tag":[],"class_list":{"0":"post-87157","1":"product","2":"type-product","3":"status-publish","4":"has-post-thumbnail","6":"product_brand-espara","7":"product_cat-e","8":"pa_packungsgroesse-30ml","10":"first","11":"instock","12":"shipping-taxable","13":"purchasable","14":"product-type-simple"},"acf":[],"_links":{"self":[{"href":"https:\/\/www.ernstbrunn-apotheke.at\/katalog\/wp-json\/wp\/v2\/product\/87157","targetHints":{"allow":["GET"]}}],"collection":[{"href":"https:\/\/www.ernstbrunn-apotheke.at\/katalog\/wp-json\/wp\/v2\/product"}],"about":[{"href":"https:\/\/www.ernstbrunn-apotheke.at\/katalog\/wp-json\/wp\/v2\/types\/product"}],"wp:featuredmedia":[{"embeddable":true,"href":"https:\/\/www.ernstbrunn-apotheke.at\/katalog\/wp-json\/wp\/v2\/media\/87159"}],"wp:attachment":[{"href":"https:\/\/www.ernstbrunn-apotheke.at\/katalog\/wp-json\/wp\/v2\/media?parent=87157"}],"wp:term":[{"taxonomy":"product_brand","embeddable":true,"href":"https:\/\/www.ernstbrunn-apotheke.at\/katalog\/wp-json\/wp\/v2\/product_brand?post=87157"},{"taxonomy":"product_cat","embeddable":true,"href":"https:\/\/www.ernstbrunn-apotheke.at\/katalog\/wp-json\/wp\/v2\/product_cat?post=87157"},{"taxonomy":"product_tag","embeddable":true,"href":"https:\/\/www.ernstbrunn-apotheke.at\/katalog\/wp-json\/wp\/v2\/product_tag?post=87157"}],"curies":[{"name":"wp","href":"https:\/\/api.w.org\/{rel}","templated":true}]}}