{"id":87129,"date":"2025-11-12T02:10:09","date_gmt":"2025-11-12T01:10:09","guid":{"rendered":"https:\/\/www.ernstbrunn-apotheke.at\/katalog\/produkt\/australische-buschblueten-essenzen-15-ml-isopogon\/"},"modified":"2025-12-08T20:00:11","modified_gmt":"2025-12-08T19:00:11","slug":"australische-buschblueten-essenzen-15-ml-isopogon","status":"publish","type":"product","link":"https:\/\/www.ernstbrunn-apotheke.at\/katalog\/produkt\/australische-buschblueten-essenzen-15-ml-isopogon\/","title":{"rendered":"Australische Buschbl\u00fcten Essenzen 15 ml Isopogon"},"content":{"rendered":"<p>Australische Buschbl\u00fcten Essenz Isopogon ist f\u00fcr die Menschen besonders vorteilhaft, die durch Sturheit andere kontrollieren. Sie erm\u00f6glicht au\u00dferdem den Zugang zu lang vergessenen F\u00e4higkeiten und Informationen. Die Essenz ist f\u00fcr diejenigen, die sehr kopflastig leben, von Ihrem Intellekt dominiert werden und bei denen oftmals eine Trennung zwischen Kopf und Herz vorliegt.<\/p>\n","protected":false},"excerpt":{"rendered":"<p>Australische Buschbl\u00fcten Essenz Isopogon ist f\u00fcr die Menschen besonders vorteilhaft, die durch Sturheit andere kontrollieren. Sie erm\u00f6glicht au\u00dferdem den Zugang zu lang vergessenen F\u00e4higkeiten und Informationen. Die Essenz ist f\u00fcr diejenigen, die sehr kopflastig leben, von Ihrem Intellekt dominiert werden und bei denen oftmals eine Trennung zwischen Kopf und Herz vorliegt.<\/p>\n","protected":false},"featured_media":0,"template":"","meta":{"_acf_changed":false},"product_brand":[930],"product_cat":[801],"product_tag":[],"class_list":{"0":"post-87129","1":"product","2":"type-product","3":"status-publish","5":"product_brand-australische-buschblueten","6":"product_cat-a","7":"pa_packungsgroesse-15ml","9":"first","10":"instock","11":"shipping-taxable","12":"purchasable","13":"product-type-simple"},"acf":[],"_links":{"self":[{"href":"https:\/\/www.ernstbrunn-apotheke.at\/katalog\/wp-json\/wp\/v2\/product\/87129","targetHints":{"allow":["GET"]}}],"collection":[{"href":"https:\/\/www.ernstbrunn-apotheke.at\/katalog\/wp-json\/wp\/v2\/product"}],"about":[{"href":"https:\/\/www.ernstbrunn-apotheke.at\/katalog\/wp-json\/wp\/v2\/types\/product"}],"wp:attachment":[{"href":"https:\/\/www.ernstbrunn-apotheke.at\/katalog\/wp-json\/wp\/v2\/media?parent=87129"}],"wp:term":[{"taxonomy":"product_brand","embeddable":true,"href":"https:\/\/www.ernstbrunn-apotheke.at\/katalog\/wp-json\/wp\/v2\/product_brand?post=87129"},{"taxonomy":"product_cat","embeddable":true,"href":"https:\/\/www.ernstbrunn-apotheke.at\/katalog\/wp-json\/wp\/v2\/product_cat?post=87129"},{"taxonomy":"product_tag","embeddable":true,"href":"https:\/\/www.ernstbrunn-apotheke.at\/katalog\/wp-json\/wp\/v2\/product_tag?post=87129"}],"curies":[{"name":"wp","href":"https:\/\/api.w.org\/{rel}","templated":true}]}}