{"id":87050,"date":"2025-11-12T02:08:40","date_gmt":"2025-11-12T01:08:40","guid":{"rendered":"https:\/\/www.ernstbrunn-apotheke.at\/katalog\/produkt\/shii-take-400mg-kapseln-2\/"},"modified":"2025-12-08T19:59:39","modified_gmt":"2025-12-08T18:59:39","slug":"shii-take-400mg-kapseln-2","status":"publish","type":"product","link":"https:\/\/www.ernstbrunn-apotheke.at\/katalog\/produkt\/shii-take-400mg-kapseln-2\/","title":{"rendered":"Shii Take 400mg Kapseln"},"content":{"rendered":"<p>Gall Pharma Shiitake 400 mg Kapseln 90 Stk. haben gro\u00dfes Potential um freie Radikale aufzufangen und k\u00f6nnen arteriosklerotische Abl\u00e4ufe im K\u00f6rper eind\u00e4mmen. Durch diese Eigenschaft sind sie besonders f\u00fcr Berufsgruppen mit hohem Stressfaktor von Bedeutung. Au\u00dferdem zeigt der Shiitake Pilz aufgrund seiner immunmodulierenden Eigenschaft g\u00fcnstige Effekte auf Menschen mit geschw\u00e4chtem Immunsystem. Durch seine Vielzahl an Vitaminen und Mineralstoffen kann der Shiitake Pilz zudem zur N\u00e4hrstoffversorgung des Organismus beitragen und dient auch zur Unterst\u00fctzung bei einer cholesterinbewussten Ern\u00e4hrung sowie bei natriumarmer Di\u00e4t<\/p>\n","protected":false},"excerpt":{"rendered":"<p>Gall Pharma Shiitake 400 mg Kapseln 90 Stk. haben gro\u00dfes Potential um freie Radikale aufzufangen und k\u00f6nnen arteriosklerotische Abl\u00e4ufe im K\u00f6rper eind\u00e4mmen. Durch diese Eigenschaft sind sie besonders f\u00fcr Berufsgruppen mit hohem Stressfaktor von Bedeutung. Au\u00dferdem zeigt der Shiitake Pilz aufgrund seiner immunmodulierenden Eigenschaft g\u00fcnstige Effekte auf Menschen mit geschw\u00e4chtem Immunsystem. Durch seine Vielzahl an [&hellip;]<\/p>\n","protected":false},"featured_media":87052,"template":"","meta":{"_acf_changed":false},"product_brand":[371],"product_cat":[791],"product_tag":[],"class_list":{"0":"post-87050","1":"product","2":"type-product","3":"status-publish","4":"has-post-thumbnail","6":"product_brand-gall-pharma","7":"product_cat-s","8":"pa_packungsgroesse-90-stueck","10":"first","11":"instock","12":"shipping-taxable","13":"purchasable","14":"product-type-simple"},"acf":[],"_links":{"self":[{"href":"https:\/\/www.ernstbrunn-apotheke.at\/katalog\/wp-json\/wp\/v2\/product\/87050","targetHints":{"allow":["GET"]}}],"collection":[{"href":"https:\/\/www.ernstbrunn-apotheke.at\/katalog\/wp-json\/wp\/v2\/product"}],"about":[{"href":"https:\/\/www.ernstbrunn-apotheke.at\/katalog\/wp-json\/wp\/v2\/types\/product"}],"wp:featuredmedia":[{"embeddable":true,"href":"https:\/\/www.ernstbrunn-apotheke.at\/katalog\/wp-json\/wp\/v2\/media\/87052"}],"wp:attachment":[{"href":"https:\/\/www.ernstbrunn-apotheke.at\/katalog\/wp-json\/wp\/v2\/media?parent=87050"}],"wp:term":[{"taxonomy":"product_brand","embeddable":true,"href":"https:\/\/www.ernstbrunn-apotheke.at\/katalog\/wp-json\/wp\/v2\/product_brand?post=87050"},{"taxonomy":"product_cat","embeddable":true,"href":"https:\/\/www.ernstbrunn-apotheke.at\/katalog\/wp-json\/wp\/v2\/product_cat?post=87050"},{"taxonomy":"product_tag","embeddable":true,"href":"https:\/\/www.ernstbrunn-apotheke.at\/katalog\/wp-json\/wp\/v2\/product_tag?post=87050"}],"curies":[{"name":"wp","href":"https:\/\/api.w.org\/{rel}","templated":true}]}}