{"id":87040,"date":"2025-11-12T02:08:24","date_gmt":"2025-11-12T01:08:24","guid":{"rendered":"https:\/\/www.ernstbrunn-apotheke.at\/katalog\/produkt\/spirulina-barley-tabletten-200-stk\/"},"modified":"2025-12-08T19:59:33","modified_gmt":"2025-12-08T18:59:33","slug":"spirulina-barley-tabletten-200-stk","status":"publish","type":"product","link":"https:\/\/www.ernstbrunn-apotheke.at\/katalog\/produkt\/spirulina-barley-tabletten-200-stk\/","title":{"rendered":"Spirulina Barley Tabletten 200 Stk."},"content":{"rendered":"<p>Spirulina Barley Tabletten enthalten hochwertiges und reinstes Spirulina aus den Anden verbunden mit Gerstengras aus dem Tibetplateau. Die Tabletten verbessern das Blutbild und sorgen f\u00fcr eine sanfte Reinigung des K\u00f6pers. Au\u00dferdem senken sie den Cholesterin- und Fettspiegel im Blut und stellen eine reiche Quelle von Vitaminen, Mineralien, Enzymen, Aminos\u00e4uren, Eiwei\u00dfstoffen und unges\u00e4ttigten Fetts\u00e4uren dar.<\/p>\n","protected":false},"excerpt":{"rendered":"<p>Spirulina Barley Tabletten enthalten hochwertiges und reinstes Spirulina aus den Anden verbunden mit Gerstengras aus dem Tibetplateau. Die Tabletten verbessern das Blutbild und sorgen f\u00fcr eine sanfte Reinigung des K\u00f6pers. Au\u00dferdem senken sie den Cholesterin- und Fettspiegel im Blut und stellen eine reiche Quelle von Vitaminen, Mineralien, Enzymen, Aminos\u00e4uren, Eiwei\u00dfstoffen und unges\u00e4ttigten Fetts\u00e4uren dar.<\/p>\n","protected":false},"featured_media":87042,"template":"","meta":{"_acf_changed":false},"product_brand":[],"product_cat":[791],"product_tag":[],"class_list":{"0":"post-87040","1":"product","2":"type-product","3":"status-publish","4":"has-post-thumbnail","6":"product_cat-s","7":"pa_packungsgroesse-200-stueck","9":"first","10":"instock","11":"shipping-taxable","12":"purchasable","13":"product-type-simple"},"acf":[],"_links":{"self":[{"href":"https:\/\/www.ernstbrunn-apotheke.at\/katalog\/wp-json\/wp\/v2\/product\/87040","targetHints":{"allow":["GET"]}}],"collection":[{"href":"https:\/\/www.ernstbrunn-apotheke.at\/katalog\/wp-json\/wp\/v2\/product"}],"about":[{"href":"https:\/\/www.ernstbrunn-apotheke.at\/katalog\/wp-json\/wp\/v2\/types\/product"}],"wp:featuredmedia":[{"embeddable":true,"href":"https:\/\/www.ernstbrunn-apotheke.at\/katalog\/wp-json\/wp\/v2\/media\/87042"}],"wp:attachment":[{"href":"https:\/\/www.ernstbrunn-apotheke.at\/katalog\/wp-json\/wp\/v2\/media?parent=87040"}],"wp:term":[{"taxonomy":"product_brand","embeddable":true,"href":"https:\/\/www.ernstbrunn-apotheke.at\/katalog\/wp-json\/wp\/v2\/product_brand?post=87040"},{"taxonomy":"product_cat","embeddable":true,"href":"https:\/\/www.ernstbrunn-apotheke.at\/katalog\/wp-json\/wp\/v2\/product_cat?post=87040"},{"taxonomy":"product_tag","embeddable":true,"href":"https:\/\/www.ernstbrunn-apotheke.at\/katalog\/wp-json\/wp\/v2\/product_tag?post=87040"}],"curies":[{"name":"wp","href":"https:\/\/api.w.org\/{rel}","templated":true}]}}